{"id":31,"date":"2015-03-04T18:49:50","date_gmt":"2015-03-04T16:49:50","guid":{"rendered":"http:\/\/dev.sfao.heatenin.gs\/?page_id=31"},"modified":"2020-01-22T16:36:10","modified_gmt":"2020-01-22T14:36:10","slug":"yhteistyokumppanit","status":"publish","type":"page","link":"http:\/\/fipsa.fi\/blog\/yhteistyokumppanit\/","title":{"rendered":"Yhteisty\u00f6kumppanit"},"content":{"rendered":"<h4>P\u00e4\u00e4yhteisty\u00f6kumppanit:<\/h4>\n<p><a href=\"http:\/\/www.orion.fi\" target=\"_blank\" rel=\"noopener noreferrer\"><img decoding=\"async\" loading=\"lazy\" class=\"alignnone size-full wp-image-129\" src=\"http:\/\/www.sfao.net\/wordpress\/wp-content\/uploads\/2015\/03\/orionin-logo-skaalattu486x324.png\" alt=\"\" width=\"468\" height=\"324\" \/><\/a><\/p>\n<h4>Yhteisty\u00f6kumppanit:<\/h4>\n<p><a href=\"http:\/\/www.farmasianoppimiskeskus.fi\/\" target=\"_blank\" rel=\"noopener noreferrer\">Farmasian oppimiskeskus<\/a><\/p>\n<p>&nbsp;<\/p>\n<p><a href=\"http:\/\/www.farmasialiitto.fi\" target=\"_blank\" rel=\"noopener noreferrer\"><img decoding=\"async\" class=\"alignnone size-full wp-image-131\" src=\"http:\/\/www.sfao.net\/wordpress\/wp-content\/uploads\/2015\/03\/sfl_486x106.png\" alt=\"\" width=\"468\" \/><\/a><\/p>\n<p><a href=\"http:\/\/www.proviisoriyhdistys.net\/\" target=\"_blank\" rel=\"noopener noreferrer\">Suomen Proviisoriyhdistys<\/a><\/p>\n<h4>FiPSAn j\u00e4senj\u00e4rjest\u00f6t:<\/h4>\n<p><a href=\"http:\/\/www.yfk.fi\/\" target=\"_blank\" rel=\"noopener noreferrer\"><span style=\"color: #000000;\">Yliopiston Farmasiakunta ry<\/span><\/a><br \/>\n<a href=\"http:\/\/www.fortis.fi\/\" target=\"_blank\" rel=\"noopener noreferrer\"><span style=\"color: #000000;\">Farmasian Opiskelijayhdistys Fortis ry<\/span><\/a><br \/>\n<a href=\"http:\/\/www.extemporerf.fi\" target=\"_blank\" rel=\"noopener noreferrer\"><span style=\"color: #000000;\">Ex Tempore<\/span><\/a><\/p>\n<h4>J\u00e4rjest\u00f6t joissa FiPSA on j\u00e4senen\u00e4:<\/h4>\n<p><a href=\"http:\/\/epsa-online.org\" target=\"_blank\" rel=\"noopener noreferrer\"><img decoding=\"async\" loading=\"lazy\" class=\"alignnone wp-image-304 size-full\" src=\"http:\/\/www.sfao.net\/wordpress\/wp-content\/uploads\/2015\/04\/epsa.jpg\" alt=\"\" width=\"227\" height=\"217\" \/><\/a><a href=\"http:\/\/ipsf.org\" target=\"_blank\" rel=\"noopener noreferrer\"><img decoding=\"async\" loading=\"lazy\" class=\"alignnone wp-image-307 size-medium\" src=\"http:\/\/www.sfao.net\/wordpress\/wp-content\/uploads\/2015\/04\/ipsf_uusilogo-300x208.jpg\" alt=\"\" width=\"300\" height=\"208\" \/><\/a><\/p>\n<p><a href=\"http:\/\/www.epsa-online.org\" target=\"_blank\" rel=\"noopener noreferrer\"><span style=\"color: #000000;\">European Pharmaceutical Students&#8217; Association<\/span><\/a><br \/>\n<a href=\"http:\/\/www.ipsf.org\" target=\"_blank\" rel=\"noopener noreferrer\"><span style=\"color: #000000;\">International Pharmaceutical Students&#8217; Federation<\/span><\/a><\/p>\n","protected":false},"excerpt":{"rendered":"<p>P\u00e4\u00e4yhteisty\u00f6kumppanit: Yhteisty\u00f6kumppanit: Farmasian oppimiskeskus &nbsp; Suomen Proviisoriyhdistys FiPSAn j\u00e4senj\u00e4rjest\u00f6t: Yliopiston Farmasiakunta ry Farmasian Opiskelijayhdistys Fortis ry Ex Tempore J\u00e4rjest\u00f6t joissa FiPSA on j\u00e4senen\u00e4: European Pharmaceutical Students&#8217; Association International Pharmaceutical Students&#8217; Federation<\/p>\n","protected":false},"author":1,"featured_media":0,"parent":0,"menu_order":80,"comment_status":"closed","ping_status":"closed","template":"","meta":[],"_links":{"self":[{"href":"http:\/\/fipsa.fi\/blog\/wp-json\/wp\/v2\/pages\/31"}],"collection":[{"href":"http:\/\/fipsa.fi\/blog\/wp-json\/wp\/v2\/pages"}],"about":[{"href":"http:\/\/fipsa.fi\/blog\/wp-json\/wp\/v2\/types\/page"}],"author":[{"embeddable":true,"href":"http:\/\/fipsa.fi\/blog\/wp-json\/wp\/v2\/users\/1"}],"replies":[{"embeddable":true,"href":"http:\/\/fipsa.fi\/blog\/wp-json\/wp\/v2\/comments?post=31"}],"version-history":[{"count":1,"href":"http:\/\/fipsa.fi\/blog\/wp-json\/wp\/v2\/pages\/31\/revisions"}],"predecessor-version":[{"id":1209,"href":"http:\/\/fipsa.fi\/blog\/wp-json\/wp\/v2\/pages\/31\/revisions\/1209"}],"wp:attachment":[{"href":"http:\/\/fipsa.fi\/blog\/wp-json\/wp\/v2\/media?parent=31"}],"curies":[{"name":"wp","href":"https:\/\/api.w.org\/{rel}","templated":true}]}}