{"id":637,"date":"2017-04-21T12:29:27","date_gmt":"2017-04-21T10:29:27","guid":{"rendered":"http:\/\/www.sfao.net\/?page_id=637"},"modified":"2017-04-21T12:29:27","modified_gmt":"2017-04-21T10:29:27","slug":"strategia-ja-visio","status":"publish","type":"page","link":"http:\/\/fipsa.fi\/blog\/strategia-ja-visio\/","title":{"rendered":"Strategia ja visio"},"content":{"rendered":"<h2>Strategia<\/h2>\n<p>Suomen Farmasian Opiskelijaj\u00e4rjest\u00f6t ry\u00a0on edunvalvonnallinen ja verkostoitumista tukeva yhdistys. Sen tarkoituksena on s\u00e4\u00e4nt\u00f6jen mukaan<\/p>\n<ul>\n<li>yhdist\u00e4\u00e4 suomalaisia farmasian opiskelijoita ja opiskelijaj\u00e4rjest\u00f6j\u00e4<\/li>\n<li>edustaa suomalaisia farmasian opiskelijoita alan kansainv\u00e4lisell\u00e4 tasolla<\/li>\n<li>kannustaa opiskelijoita kansainv\u00e4lisyyteen<\/li>\n<li>edist\u00e4\u00e4 farmasian opiskelijoiden yhteiskunnallista, oikeudellista ja sosiaalista asemaa<\/li>\n<\/ul>\n<p>FiPSA toteuttaa strategiaansa osallistumalla kansainv\u00e4lisiin kongresseihin v\u00e4hint\u00e4\u00e4n kolme kertaa vuodessa. FiPSA\u00a0l\u00e4hett\u00e4\u00e4 virallisia edustajia EPSAn ja IPSF:n kongresseihin ja tiedottaa kansainv\u00e4lisist\u00e4 kongresseista j\u00e4senist\u00f6lleen pyrkien n\u00e4in kannustamaan j\u00e4seni\u00e4\u00e4n kansainv\u00e4lisyyteen. Lis\u00e4ksi FiPSA\u00a0pyrkii l\u00e4hett\u00e4m\u00e4\u00e4n j\u00e4seni\u00e4\u00e4n IPSF:n koordinoimaan SEP-vaihtoon (Student Exchange Program) ymp\u00e4ri maailmaa ja tiedottamaan haussa olevista IMP-paikoista (Individual Mobility Project).<\/p>\n<h2>Visio<\/h2>\n<p>FiPSAn vision voidaan ajatella olevan kaikkien kansainv\u00e4lisyytt\u00e4 haluavien j\u00e4senten mahdollisuus kansainv\u00e4lisyyteen. Yhdistyksemme haluaa mahdollistaa j\u00e4senist\u00f6ns\u00e4 kansainv\u00e4lisyyden kysynn\u00e4n mukaisesti; kongressit, symposiumit, Twinnetit ja ty\u00f6harjoittelu\u00a0ovat esimerkkej\u00e4 kansainv\u00e4lisest\u00e4 toiminnasta.<\/p>\n<h2>Organisaatiokaavio<\/h2>\n<p>FiPSAn yli p\u00e4\u00e4tt\u00e4v\u00e4 elin on liiton kokous: kev\u00e4t- ja syyskokous. Liiton kokouksiin on kutsuttu edustajia kaikista j\u00e4sen j\u00e4rjest\u00f6ist\u00e4. Hallituksen kokouksissa, joita j\u00e4rjestet\u00e4\u00e4n kuukausittain, p\u00e4\u00e4tet\u00e4\u00e4n ja keskustellaan SFaOn juoksevista asioista.<\/p>\n<p><a href=\"http:\/\/www.sfao.net\/wordpress\/wp-content\/uploads\/2017\/04\/organisaatiokaavio.png\"><img decoding=\"async\" loading=\"lazy\" class=\"alignleft wp-image-709\" src=\"http:\/\/www.sfao.net\/wordpress\/wp-content\/uploads\/2017\/04\/organisaatiokaavio-300x168.png\" alt=\"\" width=\"499\" height=\"279\" \/><\/a><\/p>\n<p>&nbsp;<\/p>\n","protected":false},"excerpt":{"rendered":"<p>Strategia Suomen Farmasian Opiskelijaj\u00e4rjest\u00f6t ry\u00a0on edunvalvonnallinen ja verkostoitumista tukeva yhdistys. Sen tarkoituksena on s\u00e4\u00e4nt\u00f6jen mukaan yhdist\u00e4\u00e4 suomalaisia farmasian opiskelijoita ja opiskelijaj\u00e4rjest\u00f6j\u00e4 edustaa suomalaisia farmasian opiskelijoita alan kansainv\u00e4lisell\u00e4 tasolla kannustaa opiskelijoita kansainv\u00e4lisyyteen edist\u00e4\u00e4 farmasian opiskelijoiden yhteiskunnallista, oikeudellista ja sosiaalista asemaa FiPSA toteuttaa strategiaansa osallistumalla kansainv\u00e4lisiin kongresseihin v\u00e4hint\u00e4\u00e4n kolme kertaa vuodessa. FiPSA\u00a0l\u00e4hett\u00e4\u00e4 virallisia edustajia EPSAn ja IPSF:n kongresseihin ja tiedottaa kansainv\u00e4lisist\u00e4 kongresseista<\/p>\n<p><a class=\"more-link\" href=\"http:\/\/fipsa.fi\/blog\/strategia-ja-visio\/\">Read More<\/a><\/p>\n","protected":false},"author":1,"featured_media":0,"parent":0,"menu_order":0,"comment_status":"closed","ping_status":"closed","template":"","meta":[],"_links":{"self":[{"href":"http:\/\/fipsa.fi\/blog\/wp-json\/wp\/v2\/pages\/637"}],"collection":[{"href":"http:\/\/fipsa.fi\/blog\/wp-json\/wp\/v2\/pages"}],"about":[{"href":"http:\/\/fipsa.fi\/blog\/wp-json\/wp\/v2\/types\/page"}],"author":[{"embeddable":true,"href":"http:\/\/fipsa.fi\/blog\/wp-json\/wp\/v2\/users\/1"}],"replies":[{"embeddable":true,"href":"http:\/\/fipsa.fi\/blog\/wp-json\/wp\/v2\/comments?post=637"}],"version-history":[{"count":0,"href":"http:\/\/fipsa.fi\/blog\/wp-json\/wp\/v2\/pages\/637\/revisions"}],"wp:attachment":[{"href":"http:\/\/fipsa.fi\/blog\/wp-json\/wp\/v2\/media?parent=637"}],"curies":[{"name":"wp","href":"https:\/\/api.w.org\/{rel}","templated":true}]}}