{"id":7,"date":"2015-03-04T18:45:58","date_gmt":"2015-03-04T16:45:58","guid":{"rendered":"http:\/\/dev.sfao.heatenin.gs\/?page_id=7"},"modified":"2020-01-19T16:58:03","modified_gmt":"2020-01-19T14:58:03","slug":"sfao","status":"publish","type":"page","link":"http:\/\/fipsa.fi\/blog\/","title":{"rendered":"FiPSA"},"content":{"rendered":"<h1>Suomen Farmasian Opiskelijaj\u00e4rjest\u00f6t:<br \/>\n<i>keit\u00e4 me olemme?<\/i><\/h1>\n<p><b>Suomen Farmasian Opiskelijaj\u00e4rjest\u00f6t<\/b>, eli tuttavallisemmin <b>FiPSA <\/b><em>(Finnish Pharmaceutical Students&#8217; Association)<\/em>, on vuonna 1980 perustettu, Suomen farmasian opiskelijoiden kansallinen j\u00e4rjest\u00f6. Tarkoituksenamme on yhdist\u00e4\u00e4 kaikkia farmasian opiskelijoita opiskelupaikkakunnasta riippumatta ja ajaa heid\u00e4n yhteisi\u00e4 etujaan. FiPSAn j\u00e4seni\u00e4 ovat paikalliset opiskelijaj\u00e4rjest\u00f6t <b>YFK<\/b> (Helsinki), <b>Fortis<\/b> (Kuopio) ja <b>Ex Tempore<\/b> (Turku). Opiskelijoiden on mahdollista vaikuttaa FiPSAn toimintaan n\u00e4iden j\u00e4senj\u00e4rjest\u00f6jen kautta tai liitty\u00e4 FiPSAn henkil\u00f6j\u00e4seneksi. Henkil\u00f6j\u00e4sen voi olla viel\u00e4 kaksi vuotta farmaseutiksi tai proviisoriksi valmistumisen j\u00e4lkeenkin.<\/p>\n<p><a href=\"http:\/\/yfk.fi\/\" target=\"_blank\" rel=\"http:\/\/yfk.fi\/ noopener noreferrer\"><img decoding=\"async\" loading=\"lazy\" class=\"wp-image-539 alignnone\" src=\"http:\/\/www.sfao.net\/wordpress\/wp-content\/uploads\/2015\/03\/YFK-logo-musta-291x300.png\" alt=\"\" width=\"261\" height=\"269\"><\/a><a href=\"https:\/\/fortis.fi\/\" target=\"_blank\" rel=\"https:\/\/fortis.fi\/ noopener noreferrer\"><img decoding=\"async\" loading=\"lazy\" class=\"wp-image-537 size-medium alignleft\" src=\"http:\/\/www.sfao.net\/wordpress\/wp-content\/uploads\/2015\/03\/fortis-musta-300x281.png\" alt=\"\" width=\"300\" height=\"281\"><\/a>&nbsp;&nbsp; <img decoding=\"async\" loading=\"lazy\" class=\"wp-image-543 size-medium\" src=\"http:\/\/www.sfao.net\/wordpress\/wp-content\/uploads\/2015\/03\/Ex-tempore-logo-musta-uusi-300x288.png\" alt=\"\" width=\"300\" height=\"288\"><\/p>\n<p><a href=\"http:\/\/www.sfao.net\/wordpress\/wp-content\/uploads\/2015\/03\/FiPSA-ja-kattoj\u00e4rjest\u00f6t.png\"><img decoding=\"async\" loading=\"lazy\" class=\"alignleft  wp-image-719\" src=\"http:\/\/www.sfao.net\/wordpress\/wp-content\/uploads\/2015\/03\/FiPSA-ja-kattoj\u00e4rjest\u00f6t-300x211.png\" alt=\"\" width=\"643\" height=\"452\"><\/a><\/p>\n<p>Pyrimme rakentamaan siltoja kaikkien Suomen farmasian opiskelijoiden v\u00e4lille j\u00e4rjest\u00e4m\u00e4ll\u00e4 sek\u00e4 rentoja ett\u00e4 koulutuksellisuudestaan huolimatta rentoja tapahtumia kotimaassa. Toiminnallamme edist\u00e4mme farmasian opiskelijoiden yhteiskunnallista asemaa osallistumalla opiskelijoiden edunvalvontaan. T\u00e4t\u00e4 teemme sek\u00e4 itsen\u00e4isesti ett\u00e4 erilaisten valtakunnallisten ja kansainv\u00e4listen ty\u00f6ryhmien kautta.<\/p>\n<p>Farmasistiopiskelijan vuoteen mahtuu paljon toimintaa. Syksyisin j\u00e4rjest\u00e4mme kaikkia farmasian opiskelijoita yhdist\u00e4v\u00e4n risteilyn. Lis\u00e4ksi olemme mukana j\u00e4rjest\u00e4m\u00e4ss\u00e4 koulutusseminaareja, esimerkiksi koulutusta ainej\u00e4rjest\u00f6toimintaan, ja terveydenhuoltoalojen opiskelijoiden yhteist\u00e4 PharMed-seminaaria. Kes\u00e4ll\u00e4 2012 j\u00e4rjestimme ensimm\u00e4ist\u00e4 kertaa uuden koulutuksellisen SFaO-kongressin, johon on haettu mallia kansainv\u00e4lisist\u00e4 farmasian kongresseista. Nyky\u00e4\u00e4n kongressi kulkee kansainv\u00e4lisemm\u00e4ll\u00e4 FiPSA-nimell\u00e4.<\/p>\n<p>Edustamme Suomea farmasian alan kansainv\u00e4lisess\u00e4 opiskelijatoiminnassa. FiPSA on kansainv\u00e4listen j\u00e4rjest\u00f6jen, <b>European Pharmaceutical Students&#8217; Associationin<\/b> (<b>EPSA<\/b>) ja <b>International Pharmaceutical Students&#8217; Federationin<\/b> (<b>IPSF<\/b>), j\u00e4sen. FiPSA edustaa Suomea molempien j\u00e4rjest\u00f6jen vuosittaisissa kongresseissa ja pyrkii rohkaisemaan opiskelijoita osallistumaan lukuisiin muihinkin kansainv\u00e4lisiin farmasian opiskelijoiden tapahtumiin.<\/p>\n<p>Kansainv\u00e4lisyys n\u00e4kyy muutenkin FiPSAn toiminnassa, sill\u00e4 meid\u00e4n kauttamme on mahdollista l\u00e4hte\u00e4 ulkomaille harjoitteluun. Olemme mukana sek\u00e4 IPSF:n <b>Student Exchange Programme<\/b>&#8211; ett\u00e4 EPSA:n <b>Individual Mobility<\/b> -projekteissa. Vaihto-ohjelmien kautta suomalaisilla farmasian opiskelijoilla ja vastavalmistuneilla farmasisteilla on mahdollisuus l\u00e4hte\u00e4 tutustumaan ulkomaiden ty\u00f6el\u00e4m\u00e4\u00e4n harjoittelun muodossa. Lis\u00e4ksi on mahdollista olla auttamassa Suomeen saapuvia vaihto-opiskelijoita viihtym\u00e4\u00e4n kauniissa maassamme. Lis\u00e4tietoa molemmista projekteista l\u00f6ytyy \u201dHarjoitteluvaihdot\u201d-osiosta.<\/p>\n<p>&nbsp;<\/p>\n\n\t\t<style type=\"text\/css\">\n\t\t\t#gallery-1 {\n\t\t\t\tmargin: auto;\n\t\t\t}\n\t\t\t#gallery-1 .gallery-item {\n\t\t\t\tfloat: left;\n\t\t\t\tmargin-top: 10px;\n\t\t\t\ttext-align: center;\n\t\t\t\twidth: 33%;\n\t\t\t}\n\t\t\t#gallery-1 img {\n\t\t\t\tborder: 2px solid #cfcfcf;\n\t\t\t}\n\t\t\t#gallery-1 .gallery-caption {\n\t\t\t\tmargin-left: 0;\n\t\t\t}\n\t\t\t\/* see gallery_shortcode() in wp-includes\/media.php *\/\n\t\t<\/style>\n\t\t<div id='gallery-1' class='gallery galleryid-7 gallery-columns-3 gallery-size-medium'><dl class='gallery-item'>\n\t\t\t<dt class='gallery-icon landscape'>\n\t\t\t\t<a href='http:\/\/fipsa.fi\/blog\/olympus-digital-camera-3\/'><img width=\"300\" height=\"169\" src=\"http:\/\/fipsa.fi\/blog\/wp-content\/uploads\/2016\/10\/OI000129-1-300x169.jpg\" class=\"attachment-medium size-medium\" alt=\"\" decoding=\"async\" loading=\"lazy\" aria-describedby=\"gallery-1-406\" srcset=\"http:\/\/fipsa.fi\/blog\/wp-content\/uploads\/2016\/10\/OI000129-1-300x169.jpg 300w, http:\/\/fipsa.fi\/blog\/wp-content\/uploads\/2016\/10\/OI000129-1-768x432.jpg 768w, http:\/\/fipsa.fi\/blog\/wp-content\/uploads\/2016\/10\/OI000129-1-1024x576.jpg 1024w, http:\/\/fipsa.fi\/blog\/wp-content\/uploads\/2016\/10\/OI000129-1-800x450.jpg 800w, http:\/\/fipsa.fi\/blog\/wp-content\/uploads\/2016\/10\/OI000129-1.jpg 2048w\" sizes=\"(max-width: 300px) 100vw, 300px\" \/><\/a>\n\t\t\t<\/dt>\n\t\t\t\t<dd class='wp-caption-text gallery-caption' id='gallery-1-406'>\n\t\t\t\tMyyty! IPSF:n maailman kongressi Zimbabwessa\n\t\t\t\t<\/dd><\/dl><dl class='gallery-item'>\n\t\t\t<dt class='gallery-icon landscape'>\n\t\t\t\t<a href='http:\/\/fipsa.fi\/blog\/img_20170420_211311\/'><img width=\"300\" height=\"225\" src=\"http:\/\/fipsa.fi\/blog\/wp-content\/uploads\/2015\/03\/IMG_20170420_211311-1-300x225.jpg\" class=\"attachment-medium size-medium\" alt=\"\" decoding=\"async\" loading=\"lazy\" aria-describedby=\"gallery-1-663\" srcset=\"http:\/\/fipsa.fi\/blog\/wp-content\/uploads\/2015\/03\/IMG_20170420_211311-1-300x225.jpg 300w, http:\/\/fipsa.fi\/blog\/wp-content\/uploads\/2015\/03\/IMG_20170420_211311-1-768x576.jpg 768w, http:\/\/fipsa.fi\/blog\/wp-content\/uploads\/2015\/03\/IMG_20170420_211311-1-1024x768.jpg 1024w, http:\/\/fipsa.fi\/blog\/wp-content\/uploads\/2015\/03\/IMG_20170420_211311-1-800x600.jpg 800w, http:\/\/fipsa.fi\/blog\/wp-content\/uploads\/2015\/03\/IMG_20170420_211311-1-400x300.jpg 400w\" sizes=\"(max-width: 300px) 100vw, 300px\" \/><\/a>\n\t\t\t<\/dt>\n\t\t\t\t<dd class='wp-caption-text gallery-caption' id='gallery-1-663'>\n\t\t\t\tInternational Night EPSA AC 2017\n\t\t\t\t<\/dd><\/dl><dl class='gallery-item'>\n\t\t\t<dt class='gallery-icon landscape'>\n\t\t\t\t<a href='http:\/\/fipsa.fi\/blog\/13221697_1069199473148663_7240106642298086320_n\/'><img width=\"300\" height=\"200\" src=\"http:\/\/fipsa.fi\/blog\/wp-content\/uploads\/2017\/04\/13221697_1069199473148663_7240106642298086320_n-1-300x200.jpg\" class=\"attachment-medium size-medium\" alt=\"\" decoding=\"async\" loading=\"lazy\" aria-describedby=\"gallery-1-655\" srcset=\"http:\/\/fipsa.fi\/blog\/wp-content\/uploads\/2017\/04\/13221697_1069199473148663_7240106642298086320_n-1-300x200.jpg 300w, http:\/\/fipsa.fi\/blog\/wp-content\/uploads\/2017\/04\/13221697_1069199473148663_7240106642298086320_n-1-768x513.jpg 768w, http:\/\/fipsa.fi\/blog\/wp-content\/uploads\/2017\/04\/13221697_1069199473148663_7240106642298086320_n-1-800x534.jpg 800w, http:\/\/fipsa.fi\/blog\/wp-content\/uploads\/2017\/04\/13221697_1069199473148663_7240106642298086320_n-1.jpg 960w\" sizes=\"(max-width: 300px) 100vw, 300px\" \/><\/a>\n\t\t\t<\/dt>\n\t\t\t\t<dd class='wp-caption-text gallery-caption' id='gallery-1-655'>\n\t\t\t\tEPSA AC Helsingiss\u00e4 2016\n\t\t\t\t<\/dd><\/dl><br style=\"clear: both\" \/><dl class='gallery-item'>\n\t\t\t<dt class='gallery-icon portrait'>\n\t\t\t\t<a href='http:\/\/fipsa.fi\/blog\/img_20170422_203335\/'><img width=\"225\" height=\"300\" src=\"http:\/\/fipsa.fi\/blog\/wp-content\/uploads\/2015\/03\/IMG_20170422_203335-1-225x300.jpg\" class=\"attachment-medium size-medium\" alt=\"\" decoding=\"async\" loading=\"lazy\" aria-describedby=\"gallery-1-662\" srcset=\"http:\/\/fipsa.fi\/blog\/wp-content\/uploads\/2015\/03\/IMG_20170422_203335-1-225x300.jpg 225w, http:\/\/fipsa.fi\/blog\/wp-content\/uploads\/2015\/03\/IMG_20170422_203335-1-768x1024.jpg 768w, http:\/\/fipsa.fi\/blog\/wp-content\/uploads\/2015\/03\/IMG_20170422_203335-1-800x1067.jpg 800w\" sizes=\"(max-width: 225px) 100vw, 225px\" \/><\/a>\n\t\t\t<\/dt>\n\t\t\t\t<dd class='wp-caption-text gallery-caption' id='gallery-1-662'>\n\t\t\t\tSuomen delegaatio Sloveniassa 2017\n\t\t\t\t<\/dd><\/dl>\n\t\t\t<br style='clear: both' \/>\n\t\t<\/div>\n\n","protected":false},"excerpt":{"rendered":"<p>Suomen Farmasian Opiskelijaj\u00e4rjest\u00f6t: keit\u00e4 me olemme? Suomen Farmasian Opiskelijaj\u00e4rjest\u00f6t, eli tuttavallisemmin FiPSA (Finnish Pharmaceutical Students&#8217; Association), on vuonna 1980 perustettu, Suomen farmasian opiskelijoiden kansallinen j\u00e4rjest\u00f6. Tarkoituksenamme on yhdist\u00e4\u00e4 kaikkia farmasian opiskelijoita opiskelupaikkakunnasta riippumatta ja ajaa heid\u00e4n yhteisi\u00e4 etujaan. FiPSAn j\u00e4seni\u00e4 ovat paikalliset opiskelijaj\u00e4rjest\u00f6t YFK (Helsinki), Fortis (Kuopio) ja Ex Tempore (Turku). Opiskelijoiden on mahdollista vaikuttaa FiPSAn toimintaan n\u00e4iden j\u00e4senj\u00e4rjest\u00f6jen kautta<\/p>\n<p><a class=\"more-link\" href=\"http:\/\/fipsa.fi\/blog\/\">Read More<\/a><\/p>\n","protected":false},"author":1,"featured_media":0,"parent":0,"menu_order":10,"comment_status":"closed","ping_status":"open","template":"","meta":[],"_links":{"self":[{"href":"http:\/\/fipsa.fi\/blog\/wp-json\/wp\/v2\/pages\/7"}],"collection":[{"href":"http:\/\/fipsa.fi\/blog\/wp-json\/wp\/v2\/pages"}],"about":[{"href":"http:\/\/fipsa.fi\/blog\/wp-json\/wp\/v2\/types\/page"}],"author":[{"embeddable":true,"href":"http:\/\/fipsa.fi\/blog\/wp-json\/wp\/v2\/users\/1"}],"replies":[{"embeddable":true,"href":"http:\/\/fipsa.fi\/blog\/wp-json\/wp\/v2\/comments?post=7"}],"version-history":[{"count":1,"href":"http:\/\/fipsa.fi\/blog\/wp-json\/wp\/v2\/pages\/7\/revisions"}],"predecessor-version":[{"id":1189,"href":"http:\/\/fipsa.fi\/blog\/wp-json\/wp\/v2\/pages\/7\/revisions\/1189"}],"wp:attachment":[{"href":"http:\/\/fipsa.fi\/blog\/wp-json\/wp\/v2\/media?parent=7"}],"curies":[{"name":"wp","href":"https:\/\/api.w.org\/{rel}","templated":true}]}}