{"id":110,"date":"2015-04-17T13:55:51","date_gmt":"2015-04-17T11:55:51","guid":{"rendered":"http:\/\/dev.sfao.nazuna.heatenin.gs\/?page_id=110"},"modified":"2020-01-22T16:34:48","modified_gmt":"2020-01-22T14:34:48","slug":"sep","status":"publish","type":"page","link":"https:\/\/fipsa.fi\/blog\/harjoittelut\/sep\/","title":{"rendered":"IPSF: Student Exchange Project"},"content":{"rendered":"<p>FiPSA on kansainv\u00e4lisen opiskelijaj\u00e4rjest\u00f6n, International Pharmaceutical Students\u2019 Federationin (IPSF) j\u00e4sen. IPSF:n kautta FiPSA j\u00e4rjest\u00e4\u00e4 kansainv\u00e4lisi\u00e4 opiskelijavaihtoja. N\u00e4in suomalaisilla farmasian opiskelijoilla on mahdollisuus l\u00e4hte\u00e4 ulkomaille suorittamaan opintoihin kuuluvaa apteekkiharjoittelua tai ylim\u00e4\u00e4r\u00e4iseen harjoitteluun tutustumaan kulttuuriltaan ja kielelt\u00e4\u00e4n erilaiseen ty\u00f6ymp\u00e4rist\u00f6\u00f6n.<\/p>\n<p>Vuosina 2017 vaihtoon on l\u00e4hd\u00f6ss\u00e4 3 suomalaista opiskelijaa. Kohdemaita ovat Indonesia, Israel ja Portugali. T\u00e4n\u00e4 vuonna Suomeen on puolestaan saapumassa ainakin 3 ulkomaalaista harjoittelijaa, joista 2 sai paikan avoapteekista Helsingin l\u00e4hist\u00f6lt\u00e4 ja 1 Helsingin Yliopiston Farmasian tiedekunnasta.<\/p>\n<p><strong>Yleist\u00e4 tietoa harjoitteluvaihdosta<\/strong><\/p>\n<p>Yleens\u00e4 harjoitteluun haetaan kes\u00e4kuukausiksi, mutta muutkin ajankohdat ovat mahdollisia varsinkin etel\u00e4isell\u00e4 pallonpuoliskolla. Muuhun aikaan ajoittuvaan vaihtoon haetaan p\u00e4\u00e4s\u00e4\u00e4nt\u00f6isesti v\u00e4hint\u00e4\u00e4n 4 kuukautta ennen toivottua harjoitteluajankohtaa. Vaihtoon kannattaa hakea hyviss\u00e4 ajoin. Mit\u00e4 aikaisemmin p\u00e4\u00e4set t\u00e4ytt\u00e4m\u00e4\u00e4n hakukaavakkeen tietokantaan, sit\u00e4 todenn\u00e4k\u00f6isemmin saat paikan ulkomailla. T\u00e4m\u00e4n hakukaavakkeen t\u00e4ytt\u00e4v\u00e4t tietokannassa kuitenkin vain ne hakijat, jotka on ensin hyv\u00e4ksytty esikarsinnassa Suomen hakukiinti\u00f6n hakijoiksi, sill\u00e4 harjoitteluvaihtoon p\u00e4\u00e4see jokaisesta IPSF:n j\u00e4senmaasta vain rajallinen m\u00e4\u00e4r\u00e4 opiskelijoita.<\/p>\n<p>Keski- ja L\u00e4nsi-Euroopan maat, Pohjoismaat ja kaikki englanninkieliset maat ovat suosituimpia hakukohteita. Niinp\u00e4 niihin on vaikeinta p\u00e4\u00e4st\u00e4. Mahdollisuudet p\u00e4\u00e4st\u00e4 vaihtoon parantuvat haettaessa It\u00e4- ja Etel\u00e4-Europpaan ja Euroopan ulkopuolelle. Englannilla p\u00e4rj\u00e4\u00e4 kaikkialla, mutta saksan-, espanjan- ja ranskankielisiss\u00e4 maissa olisi hyv\u00e4 hallita ainakin v\u00e4h\u00e4n paikallista kielt\u00e4. L\u00e4htij\u00e4n t\u00e4ytyy itse maksaa matkansa. Monissa maissa ty\u00f6nantaja kuitenkin maksaa taskurahaa tai huolehtii majoituksesta ja ruoasta. K\u00e4yt\u00e4nn\u00f6t vaihtelevat paikoittain! Hakukohteisiin voit tutustua <a href=\"http:\/\/sep.ipsf.org\/associations\">http:\/\/sep.ipsf.org\/associations<\/a><\/p>\n<p>Harjoittelija on itse vastuussa vakuutusten ja rokotusten voimassaolosta sek\u00e4 turvallisuudestaan. FiPSA ja IPSF eiv\u00e4t ota vastuuta onnettomuuden sattuessa. Jos harjoitteluvaihto on osa pakollista harjoittelua, on vaihto-opiskelijan itse vastattava siit\u00e4, ett\u00e4 vaihto t\u00e4ytt\u00e4\u00e4 yliopiston vaatimukset. T\u00e4m\u00e4n voit selvitt\u00e4\u00e4 ottamalla yhteytt\u00e4 tiedekuntasi\/yksikk\u00f6si harjoitteluvaihtohenkil\u00f6\u00f6n.<\/p>\n<p>Yksityiskohtaista tietoa kunkin maan vaihto-ohjelmasta saa IPSF:n kotisivuilta osoitteesta\u00a0<a href=\"http:\/\/www.ipsf.org\/\">www.ipsf.org<\/a>\u00a0tai suoraan osoitteesta\u00a0<a href=\"http:\/\/sep.ipsf.org\/\">sep.ipsf.org<\/a>.<\/p>\n<p><strong>Kuinka haen harjoitteluvaihtoon<\/strong><\/p>\n<ol>\n<li>Hae harjoitteluvaihtoon 15.11.2017 menness\u00e4. Jos Suomen t\u00e4m\u00e4n vuoden hakukiinti\u00f6n kuutta paikkaa ei saada t\u00e4ytetty\u00e4 ensimm\u00e4isen hakukierroksen hakijoilla, tiedotetaan t\u00e4ydennyshausta erikseen.<\/li>\n<li>Haku tapahtuu k\u00e4yt\u00e4nn\u00f6ss\u00e4 l\u00e4hett\u00e4m\u00e4ll\u00e4 harjoitteluvaihtovastaavalle s\u00e4hk\u00f6postitse (seo@sfao.net) marraskuun 15. p\u00e4iv\u00e4\u00e4n menness\u00e4 vapaamuotoinen hakemus (Motivation letter), jossa kerrot mihin maahan haluat l\u00e4hte\u00e4, mihin aikaan ja miksi juuri sinut pit\u00e4isi valita. Hakemusten perusteella valitaan Suomesta harjoitteluvaihtoon pyrkiv\u00e4t opiskelijat. Huom! T\u00e4m\u00e4 tehd\u00e4\u00e4n vain jos hakemuksia on enemm\u00e4n kuin Suomelle on my\u00f6nnetty harjoitteluvaihtopaikkoja kyseisen\u00e4 vuonna.<\/li>\n<li>Harjoitteluvaihtovastaava k\u00e4sittelee hakemuksesi ja ottaa sinuun yhteytt\u00e4 joulukuun alussa. Jos FiPSA hyv\u00e4ksyy sinut hakijaksi, sinun tulee maksaa harjoitteluvaihtomaksu 42 \u20ac. Hakemuksesi on t\u00e4ss\u00e4 vaiheessa sitova.<\/li>\n<li>Kun maksu on suoritettu, harjoitteluvaihtovastaava antaa sinulle linkin, jossa p\u00e4\u00e4set t\u00e4ytt\u00e4m\u00e4\u00e4n virallisen hakulomakkeen IPSF:n sivuilla. Virallinen hakulomake kokonaisuudessaan, sis\u00e4lt\u00e4en Motivation letterin ja CVn:n, on hyv\u00e4 olla tietokannassa 7.1 menness\u00e4. Harjoitteluvaihtovastaava auttaa tarvittaessa lomakkeiden t\u00e4yt\u00f6ss\u00e4 ja antaa k\u00e4yt\u00e4nn\u00f6n vinkkej\u00e4.<\/li>\n<li>T\u00e4yt\u00e4 kaavake huolellisesti. HUOM! Hakumenettely edellytt\u00e4\u00e4 toimivaa s\u00e4hk\u00f6postiosoitetta, jonka tulee olla sama koko hakuprosessin ajan.<\/li>\n<\/ol>\n<p><strong>Harjoitteluvaihdon s\u00e4\u00e4nn\u00f6t<\/strong><\/p>\n<p>Harjoitteluvaihtomaksusta palautetaan 18 \u20ac, jos et saa harjoittelupaikkaa ulkomailta. Maksusta ei kuitenkaan palauteta mit\u00e4\u00e4n, jos kielt\u00e4ydyt saamastasi paikasta tai jos perut hakemuksesi.<\/p>\n<p>Mik\u00e4li harjoitteluvaihto on osa pakollista apteekkiharjoitteluasi, on p\u00e4\u00e4s\u00e4\u00e4nt\u00f6isesti noudettava seuraavia s\u00e4\u00e4nt\u00f6j\u00e4:<\/p>\n<ol>\n<li>Harjoitteluvaihdon pituus saa olla enint\u00e4\u00e4n kolme kuukautta.<\/li>\n<li>Yleens\u00e4 ainakin Pohjoismaiden tai EU-maiden apteekissa tai sairaala-apteekissa suoritettu harjoittelu hyv\u00e4ksyt\u00e4\u00e4n sellaisenaan tutkintoon. Mik\u00e4li haluat muihin maihin, neuvottele asiasta yliopiston harjoitteluvastaavan kanssa. Usein harjoittelu hyv\u00e4ksyt\u00e4\u00e4n ainakin osittain.<\/li>\n<\/ol>\n<p>Lis\u00e4\u00e4 tietoa saat harjoitteluvaihtovastaavalta (seo@sfao.net).<\/p>\n","protected":false},"excerpt":{"rendered":"<p>FiPSA on kansainv\u00e4lisen opiskelijaj\u00e4rjest\u00f6n, International Pharmaceutical Students\u2019 Federationin (IPSF) j\u00e4sen. IPSF:n kautta FiPSA j\u00e4rjest\u00e4\u00e4 kansainv\u00e4lisi\u00e4 opiskelijavaihtoja. N\u00e4in suomalaisilla farmasian opiskelijoilla on mahdollisuus l\u00e4hte\u00e4 ulkomaille suorittamaan opintoihin kuuluvaa apteekkiharjoittelua tai ylim\u00e4\u00e4r\u00e4iseen harjoitteluun tutustumaan kulttuuriltaan ja kielelt\u00e4\u00e4n erilaiseen ty\u00f6ymp\u00e4rist\u00f6\u00f6n. Vuosina 2017 vaihtoon on l\u00e4hd\u00f6ss\u00e4 3 suomalaista opiskelijaa. Kohdemaita ovat Indonesia, Israel ja Portugali. T\u00e4n\u00e4 vuonna Suomeen on puolestaan saapumassa ainakin 3 ulkomaalaista<\/p>\n<p><a class=\"more-link\" href=\"https:\/\/fipsa.fi\/blog\/harjoittelut\/sep\/\">Read More<\/a><\/p>\n","protected":false},"author":1,"featured_media":0,"parent":20,"menu_order":0,"comment_status":"closed","ping_status":"closed","template":"","meta":[],"_links":{"self":[{"href":"https:\/\/fipsa.fi\/blog\/wp-json\/wp\/v2\/pages\/110"}],"collection":[{"href":"https:\/\/fipsa.fi\/blog\/wp-json\/wp\/v2\/pages"}],"about":[{"href":"https:\/\/fipsa.fi\/blog\/wp-json\/wp\/v2\/types\/page"}],"author":[{"embeddable":true,"href":"https:\/\/fipsa.fi\/blog\/wp-json\/wp\/v2\/users\/1"}],"replies":[{"embeddable":true,"href":"https:\/\/fipsa.fi\/blog\/wp-json\/wp\/v2\/comments?post=110"}],"version-history":[{"count":1,"href":"https:\/\/fipsa.fi\/blog\/wp-json\/wp\/v2\/pages\/110\/revisions"}],"predecessor-version":[{"id":1201,"href":"https:\/\/fipsa.fi\/blog\/wp-json\/wp\/v2\/pages\/110\/revisions\/1201"}],"up":[{"embeddable":true,"href":"https:\/\/fipsa.fi\/blog\/wp-json\/wp\/v2\/pages\/20"}],"wp:attachment":[{"href":"https:\/\/fipsa.fi\/blog\/wp-json\/wp\/v2\/media?parent=110"}],"curies":[{"name":"wp","href":"https:\/\/api.w.org\/{rel}","templated":true}]}}