{"id":117,"date":"2015-04-17T14:00:28","date_gmt":"2015-04-17T12:00:28","guid":{"rendered":"http:\/\/dev.sfao.nazuna.heatenin.gs\/?page_id=117"},"modified":"2020-01-22T16:34:41","modified_gmt":"2020-01-22T14:34:41","slug":"imp","status":"publish","type":"page","link":"https:\/\/fipsa.fi\/blog\/harjoittelut\/imp\/","title":{"rendered":"EPSA: Individual Mobility Project"},"content":{"rendered":"<p>&nbsp;<\/p>\n<p><b>Mik\u00e4 on IMP-harjoitteluprojekti?\u00a0<\/b><\/p>\n<p>IMP (Individual Mobility Project) on Euroopan farmasianopiskelijaj\u00e4rjest\u00f6 EPSA:n harjoitteluprojekti. Sen idea on tarjota kaikille farmasianopiskelijoille ja vastavalmistuneille farmasisteille Euroopassa mahdollisuus suorittaa ty\u00f6el\u00e4m\u00e4\u00e4n orientoiva harjoittelujakso mill\u00e4 tahansa farmasian tai farmaseuttisen tieteen alalla, joko farmaseuttisen yrityksen, tutkimusyksik\u00f6n tai muun instituution palveluksessa.<\/p>\n<p>IMP-projektista on vastuussa IMP-koordinaation johtokunta, joka koostuu harjoitteluprojektin p\u00e4\u00e4koordinaattorista sek\u00e4 kansallisista ja paikallisista IMP-koordinaattoreista, jotka ovat vastuussa harjoittelun k\u00e4yt\u00e4nn\u00f6n j\u00e4rjestelyist\u00e4 hakuperiodin ja varsinaisen harjoittelujakson aikana. Kansallinen koordinaattori toimii lis\u00e4ksi yhteyshenkil\u00f6n\u00e4 harjoittelun tarjoavan yhteisty\u00f6kumppanin ja EPSA-opiskelijoiden v\u00e4lill\u00e4. Suomessa kansallinen IMP-koordinaattori on osa FiPSA:n hallitusta.<\/p>\n<p>IMP on pitk\u00e4aikaisprojekti, joka tarjoaa opiskelijoille ja vastavalmistuneille kaikista Euroopan maista mahdollisuuden hy\u00f6ty\u00e4 ty\u00f6- ja tutkimuskokemuksesta mill\u00e4 tahansa farmaseuttisella alalla. Lis\u00e4ksi IMP edustaa ainutlaatuista mahdollisuutta kartuttaa arvokasta kokemusta vieraasta Euroopan maasta, sen tavoista ja kulttuurista. Niin ik\u00e4\u00e4n opiskelija tai vastavalmistunut p\u00e4\u00e4see kosketukseen Eurooppalaisen monimuotoisuuden kanssa. N\u00e4m\u00e4 ovat tavoitteita, joiden saavuttamiseen my\u00f6s Euroopan komissio rohkaisee.<\/p>\n<p><b>Mit\u00e4 harjoitteluprojekti tarjoaa farmasian opiskelijoille ja vastavalmistuneille farmasisteille?<\/b><\/p>\n<p>&#8211; Palkallista, korkeatasoista ty\u00f6harjoittelua kaikilla farmaseuttisilla aloilla<br \/>\n&#8211; Yhteyksi\u00e4 ty\u00f6el\u00e4m\u00e4kentt\u00e4\u00e4n kansainv\u00e4lisell\u00e4 tasolla ja arvokasta kokemusta tulevaa uraa varten<br \/>\n&#8211; Mahdollisuuden tutustua kulttuureihin ja tapoihin vieraassa Euroopan maassa<\/p>\n<p>Harjoittelija saa apua asunnon etsimisess\u00e4, ty\u00f6luvan j\u00e4rjest\u00e4misess\u00e4 ja muissa k\u00e4yt\u00e4nn\u00f6n asioissa.<\/p>\n<p>IMP-harjoittelupaikkoja aukeaa ymp\u00e4ri vuoden, viime vuosina on tarjottu paikkoja mm. Iso-Britanniasta, Belgiasta, Espanjasta ja Turkista. Helsingin yliopisto tarjosi vuonna 2016 my\u00f6s IMP-harjottelupaikan.<\/p>\n<p><b>Kuka voi hakea?<\/b><\/p>\n<p>IMP-harjoitteluun voi hakea opintojensa loppuvaiheessa oleva farmasianopiskelija tai korkeintaan 2 vuotta sitten valmistunut farmasisti. Vaatimukset ovat kuitenkin paikkakohtaisia. Hakeakseen IMP:hen opiskelijan tai valmistuneen on oltava FiPSA:n j\u00e4sen Ex Temporen, Fortiksen tai YFK:n kautta tai vaihtoehtoisesti FiPSA:n kannattajaj\u00e4sen tai EPSA:n yksil\u00f6j\u00e4sen. Lis\u00e4tietoa j\u00e4senyysasioista saa kultakin j\u00e4rjest\u00f6lt\u00e4.<\/p>\n<p><b>Miten haen?<\/b><\/p>\n<p>Kulloinkin haettavana olevat IMP-paikat voi tarkistaa\u00a0<a href=\"http:\/\/www.epsa-online.org\/job-shop\/\" target=\"_blank\" rel=\"noopener noreferrer\">EPSA:n IMP-sivulta<\/a>.\u00a0Harjoittelupaikoista tiedotetaan my\u00f6s\u00a0<a href=\"https:\/\/www.facebook.com\/FiPSA\/\" target=\"_blank\" rel=\"noopener noreferrer\">FiPSA:n facebook ryhm\u00e4n<\/a>\u00a0\u00a0kautta. Kun olet p\u00e4\u00e4tt\u00e4nyt hakea tietty\u00e4 paikkaa, ota yhteytt\u00e4 FiPSA:n IMP-koordinaattoriin (nimp@fipsa.fi). Hakua varten sinun tulee t\u00e4ytt\u00e4\u00e4 IMP-hakemuslomake, <a href=\"http:\/\/www.europass.fi\/\">Europass-CV<\/a> ja lis\u00e4ksi kirjoittaa hakemuskirje sek\u00e4 toimittaa tutkintotodistus tai opintosuoritusote kansalliselle IMP-koordinaattorille. Kun hakemuksesi on hyv\u00e4ksytty tulee sinun suorittaa kirjallinen ja suullinen englanninkielenkoe, josta sovitaan erikseen koordinaattorin kanssa. Mik\u00e4li sinulla on voimassa oleva kansainv\u00e4lisesti p\u00e4tev\u00e4 todistus englanninkielitaidosta, ei kokeita tarvitse suorittaa.<\/p>\n<p><b>Mit\u00e4 IMP maksaa?<\/b><\/p>\n<p>Hakumaksu IMP-harjotteluun on 30 euroa. Hakumaksuun sis\u00e4ltyy kirjallinen ja suullinen englanninkielen koe. Samalla hakumaksulla voi hakea useampaan IMP-paikkaan. Hakumaksua ei palauteta hakijalle, vaikka h\u00e4n ei tulisikaan hyv\u00e4ksytyksi.<\/p>\n","protected":false},"excerpt":{"rendered":"<p>&nbsp; Mik\u00e4 on IMP-harjoitteluprojekti?\u00a0 IMP (Individual Mobility Project) on Euroopan farmasianopiskelijaj\u00e4rjest\u00f6 EPSA:n harjoitteluprojekti. Sen idea on tarjota kaikille farmasianopiskelijoille ja vastavalmistuneille farmasisteille Euroopassa mahdollisuus suorittaa ty\u00f6el\u00e4m\u00e4\u00e4n orientoiva harjoittelujakso mill\u00e4 tahansa farmasian tai farmaseuttisen tieteen alalla, joko farmaseuttisen yrityksen, tutkimusyksik\u00f6n tai muun instituution palveluksessa. IMP-projektista on vastuussa IMP-koordinaation johtokunta, joka koostuu harjoitteluprojektin p\u00e4\u00e4koordinaattorista sek\u00e4 kansallisista ja paikallisista IMP-koordinaattoreista, jotka ovat vastuussa<\/p>\n<p><a class=\"more-link\" href=\"https:\/\/fipsa.fi\/blog\/harjoittelut\/imp\/\">Read More<\/a><\/p>\n","protected":false},"author":1,"featured_media":0,"parent":20,"menu_order":0,"comment_status":"closed","ping_status":"closed","template":"","meta":[],"_links":{"self":[{"href":"https:\/\/fipsa.fi\/blog\/wp-json\/wp\/v2\/pages\/117"}],"collection":[{"href":"https:\/\/fipsa.fi\/blog\/wp-json\/wp\/v2\/pages"}],"about":[{"href":"https:\/\/fipsa.fi\/blog\/wp-json\/wp\/v2\/types\/page"}],"author":[{"embeddable":true,"href":"https:\/\/fipsa.fi\/blog\/wp-json\/wp\/v2\/users\/1"}],"replies":[{"embeddable":true,"href":"https:\/\/fipsa.fi\/blog\/wp-json\/wp\/v2\/comments?post=117"}],"version-history":[{"count":1,"href":"https:\/\/fipsa.fi\/blog\/wp-json\/wp\/v2\/pages\/117\/revisions"}],"predecessor-version":[{"id":1200,"href":"https:\/\/fipsa.fi\/blog\/wp-json\/wp\/v2\/pages\/117\/revisions\/1200"}],"up":[{"embeddable":true,"href":"https:\/\/fipsa.fi\/blog\/wp-json\/wp\/v2\/pages\/20"}],"wp:attachment":[{"href":"https:\/\/fipsa.fi\/blog\/wp-json\/wp\/v2\/media?parent=117"}],"curies":[{"name":"wp","href":"https:\/\/api.w.org\/{rel}","templated":true}]}}