{"id":13,"date":"2015-03-04T18:46:30","date_gmt":"2015-03-04T16:46:30","guid":{"rendered":"http:\/\/dev.sfao.heatenin.gs\/?page_id=13"},"modified":"2020-01-22T16:33:51","modified_gmt":"2020-01-22T14:33:51","slug":"saannot","status":"publish","type":"page","link":"https:\/\/fipsa.fi\/blog\/sfao\/saannot\/","title":{"rendered":"S\u00e4\u00e4nn\u00f6t"},"content":{"rendered":"<h4>YHDISTYKSEN NIMI JA TARKOITUS<\/h4>\n<h5>1\u00a7<\/h5>\n<p>Yhdistyksen nimi on Suomen Farmasian Opiskelijaj\u00e4rjest\u00f6t ry, ep\u00e4virallisesti lyhennettyn\u00e4 SFaO. Tarkoituksenmukaisissa yhteyksiss\u00e4 yhdistys voi k\u00e4ytt\u00e4\u00e4 my\u00f6s ep\u00e4virallista nime\u00e4 F\u00f6reningarna f\u00f6r Finlands Farmacistuderande tai FiFas ja Finnish Pharmaceutical Students\u2019 Associations tai FiPSA. Yhdistyksen kotipaikka on Helsinki ja toiminta-alue koko Suomi. T\u00e4t\u00e4 yhdistyst\u00e4 nimitet\u00e4\u00e4n n\u00e4iss\u00e4 s\u00e4\u00e4nn\u00f6iss\u00e4 liitoksi, liiton varsinaisena j\u00e4senen\u00e4 olevaa yhdistyst\u00e4 j\u00e4senyhdistykseksi ja j\u00e4senyhdistykseen kuulumattomia varsinaisena j\u00e4senen\u00e4 olevia yksityishenkil\u00f6it\u00e4 henkil\u00f6j\u00e4seniksi.<\/p>\n<h5>2\u00a7<\/h5>\n<p>Liiton tarkoituksena on:<\/p>\n<ul>\n<li>yhdist\u00e4\u00e4 suomalaisia farmasian opiskelijoita ja opiskelijaj\u00e4rjest\u00f6j\u00e4;<\/li>\n<li>edustaa suomalaisia farmasian opiskelijoita alan kansainv\u00e4lisell\u00e4 tasolla;<\/li>\n<li>kannustaa opiskelijoita kansainv\u00e4lisyyteen;<\/li>\n<li>edist\u00e4\u00e4 terveit\u00e4 el\u00e4m\u00e4ntapoja; sek\u00e4<\/li>\n<li>edist\u00e4\u00e4 farmasian opiskelijoiden yhteiskunnallista, oikeudellista ja sosiaalista asemaa.<\/li>\n<\/ul>\n<p>&nbsp;<\/p>\n<h5>3\u00a7<\/h5>\n<p>Tarkoituksensa toteuttamiseksi liitto:<\/p>\n<ul>\n<li>voi j\u00e4rjest\u00e4\u00e4 esitelmi\u00e4 sek\u00e4 tiedotus- ja keskustelutilaisuuksia, sek\u00e4 julkaista painettuna ja s\u00e4hk\u00f6isesti lehti\u00e4, verkkojulkaisuja sek\u00e4 harjoittaa muuta julkaisutoimintaa;<\/li>\n<li>luo ja pit\u00e4\u00e4 yll\u00e4 laajaa verkostoa, joka toimii ja vaikuttaa paikallisella, valtakunnallisella ja kansainv\u00e4lisell\u00e4 tasolla sek\u00e4 tukea j\u00e4senin\u00e4\u00e4n olevien yhdistysten toimintaa;<\/li>\n<li>edist\u00e4\u00e4 moniammatillista yhteisty\u00f6t\u00e4 terveydenhuollon alalla;<\/li>\n<li>toteuttaa Suomessa farmasian alan kansainv\u00e4lisi\u00e4 projekteja;<\/li>\n<li>on aktiivinen toimija j\u00e4rjest\u00f6kent\u00e4ss\u00e4 ja yhteiskunnallisessa keskustelussa tekem\u00e4ll\u00e4 aloitteita ja esityksi\u00e4; sek\u00e4<\/li>\n<li>voi ottaa vastaan lahjoja ja testamentteja, omistaa ja hallita toimintansa kannalta tarpeellista kiinte\u00e4\u00e4 ja irtainta omaisuutta sek\u00e4 asianomaisella luvalla toimeenpanna rahanker\u00e4yksi\u00e4 ja arpajaisia, harjoittaa julkaisutoimintaa sek\u00e4 ravintolaliikett\u00e4 ja tavanomaista kioskikauppaa yhdess\u00e4 toimipaikassa.<\/li>\n<\/ul>\n<p>&nbsp;<\/p>\n<h4>J\u00c4SENET<\/h4>\n<h5>4\u00a7<\/h5>\n<p>Liiton varsinaisiksi j\u00e4seniksi voi hallitus hyv\u00e4ksy\u00e4 rekister\u00f6idyt yhdistykset, jotka toimivat farmasian opiskelijoita edustavina ainej\u00e4rjest\u00f6in\u00e4, sek\u00e4 j\u00e4senyhdistyksiin kuulumattomat farmaseuttista perus- ja jatkotutkintoa opiskelevat yksityishenkil\u00f6t. J\u00e4senyytt\u00e4 anovan tulee toimittaa hallitukselle kirjallinen anomus. Henkil\u00f6j\u00e4senell\u00e4 on oikeus j\u00e4senyyteen kaksi vuotta valmistumisen j\u00e4lkeen. Kannattajaj\u00e4seneksi voi liitty\u00e4 rekister\u00f6ity yhdistys sek\u00e4 yksityinen henkil\u00f6. Kunniaj\u00e4senekseen voi liiton kokous kutsua liiton toiminnassa tai muuten alalla merkitt\u00e4v\u00e4sti ansioituneen henkil\u00f6n.<\/p>\n<h5>5\u00a7<\/h5>\n<p>Varsinaiset j\u00e4senet suorittavat vuosittain toukokuun loppuun menness\u00e4 j\u00e4senmaksua sen m\u00e4\u00e4r\u00e4n, jonka liiton syyskokous seuraavaa kalenterivuotta varten p\u00e4\u00e4tt\u00e4\u00e4. Vuotuisen kannattajaj\u00e4senmaksun p\u00e4\u00e4tt\u00e4\u00e4 syyskokous. Kunniaj\u00e4senet ovat vapaita j\u00e4senmaksuvelvollisuudesta.<\/p>\n<h5>6\u00a7<\/h5>\n<p>J\u00e4sen voi erota yhdistyksest\u00e4 tekem\u00e4ll\u00e4 kirjallisen ilmoituksen liiton hallitukselle tai sen puheenjohtajalle tai ilmoittamalla siit\u00e4 liiton kokouksen p\u00f6yt\u00e4kirjaan. Eroaminen astuu voimaan eroamisilmoituksen tekemisest\u00e4 seuraavan vuoden alussa.<\/p>\n<h5>7\u00a7<\/h5>\n<p>J\u00e4senen erottamisesta p\u00e4\u00e4tt\u00e4\u00e4 liiton kokous v\u00e4hint\u00e4\u00e4n kolmen nelj\u00e4sosan (3\/4) \u00e4\u00e4nten enemmist\u00f6ll\u00e4 annetuista \u00e4\u00e4nist\u00e4 hallituksen esityksest\u00e4 yhdistyslain 14\u00a7:ss\u00e4 mainituilla erottamisperusteella. Mik\u00e4li liiton j\u00e4sen ei suorita vuosittaista j\u00e4senmaksuaan toukokuun loppuun menness\u00e4, j\u00e4senen erottamisesta p\u00e4\u00e4tet\u00e4\u00e4n seuraavassa liiton kokouksessa.<\/p>\n<h5>8\u00a7<\/h5>\n<p>Kun j\u00e4sen 6 \u00a7:ss\u00e4 tai 7 \u00a7:ss\u00e4 mainituissa tapauksissa eroaa tai erotetaan liitosta, ei erotetulla ole oikeutta saada takaisin suorittamiaan maksuja. Eroava j\u00e4sen on velvollinen suorittamaan kaikki ne j\u00e4senmaksut, jotka koskevat sit\u00e4 kalenterivuotta, jonka aikana eroamisilmoitus tehtiin, sek\u00e4 muut er\u00e4\u00e4ntyneet maksut.<\/p>\n<h4>TOIMIELIMET<\/h4>\n<h5>9\u00a7<\/h5>\n<p>Liitossa k\u00e4ytt\u00e4\u00e4 p\u00e4\u00e4t\u00f6svaltaa liiton kev\u00e4t- ja syyskokous n\u00e4iden s\u00e4\u00e4nt\u00f6jen my\u00f6hemmin m\u00e4\u00e4rittelem\u00e4ll\u00e4 tavalla. Toimeenpanevana toimielimen\u00e4 on hallitus.<\/p>\n<h4>LIITON KOKOUS<\/h4>\n<h5>10\u00a7<\/h5>\n<p>Liiton kev\u00e4tkokous pidet\u00e4\u00e4n joka vuosi maalis-toukokuussa ja syyskokous loka-joulukuussa hallituksen m\u00e4\u00e4r\u00e4\u00e4m\u00e4n\u00e4 aikana ja m\u00e4\u00e4r\u00e4\u00e4m\u00e4ss\u00e4 paikassa. Ylim\u00e4\u00e4r\u00e4isi\u00e4 liiton kokouksia pidet\u00e4\u00e4n milloin liiton kokous tai hallitus niin p\u00e4\u00e4tt\u00e4\u00e4, tai jos v\u00e4hint\u00e4\u00e4n 1\/3 \u00e4\u00e4nioikeutetuista j\u00e4senist\u00e4 sit\u00e4 hallitukselta erityist\u00e4 tarkoitusta varten kirjallisesti vaatii.<\/p>\n<h5>11\u00a7<\/h5>\n<p>Liiton kev\u00e4t- ja syyskokous sek\u00e4 ylim\u00e4\u00e4r\u00e4iset liiton kokoukset kutsutaan koolle liiton j\u00e4senille kirjeitse tai s\u00e4hk\u00f6postitse l\u00e4hetetyll\u00e4 tiedonannolla v\u00e4hint\u00e4\u00e4n kaksi (2) viikkoa ennen kokousp\u00e4iv\u00e4\u00e4. Kutsu toimitetaan j\u00e4senen ilmoittamaan osoitteeseen.<\/p>\n<h5>12\u00a7<\/h5>\n<p>Liiton kokoukseen on varsinaisina j\u00e4senin\u00e4 olevilla yhdistyksill\u00e4 oikeus l\u00e4hett\u00e4\u00e4 t\u00e4ysivaltaisia edustajia siten, ett\u00e4 kukin j\u00e4senyhdistys voi l\u00e4hett\u00e4\u00e4 kaksi (2) virallista edustajaa sek\u00e4 yhden (1) virallisen edustajan j\u00e4senm\u00e4\u00e4r\u00e4ns\u00e4 jokaista alkavaa 100-lukua kohden. \u00c4\u00e4nivalta liiton kokouksessa on j\u00e4senmaksunsa 5 \u00a7:n mukaisesti kokousta edelt\u00e4neelt\u00e4 kalenterivuodelta suorittaneiden varsinaisten j\u00e4senyhdistysten edustajilla. Liiton j\u00e4senyhdistysten j\u00e4senill\u00e4, henkil\u00f6j\u00e4senill\u00e4, kannattajaj\u00e4senill\u00e4 sek\u00e4 kunniaj\u00e4senill\u00e4 on liiton kokouksissa puhe- ja l\u00e4sn\u00e4olo-oikeus. Liiton kokous voi p\u00e4\u00e4tt\u00e4\u00e4 puhe-ja l\u00e4sn\u00e4olo-oikeuden my\u00f6nt\u00e4misest\u00e4 muille kuin edell\u00e4 mainituille.<\/p>\n<h5>13\u00a7<\/h5>\n<p>Kaikkien liiton kokoukseen osallistuvien on ilmoittauduttava liiton hallituksen kokouskutsussa ilmoittamassa paikassa ja m\u00e4\u00e4r\u00e4\u00e4m\u00e4n\u00e4 aikana. \u00c4\u00e4nivaltaisten edustajien on samalla j\u00e4tett\u00e4v\u00e4 edustajavaltakirjansa tarkistettaviksi.<\/p>\n<h5>14\u00a7<\/h5>\n<p>Liiton kev\u00e4tkokouksessa k\u00e4sitell\u00e4\u00e4n seuraavat asiat:<\/p>\n<ol>\n<li>valitaan kokoukselle puheenjohtaja, sihteeri, p\u00f6yt\u00e4kirjantarkastajat ja \u00e4\u00e4ntenlaskijat;<\/li>\n<li>todetaan kokouksen osanottajat, laillisuus ja p\u00e4\u00e4t\u00f6svaltaisuus;<\/li>\n<li>asetetaan tarpeelliset valmistelevat valiokunnat;<\/li>\n<li>esitet\u00e4\u00e4n tilinp\u00e4\u00e4t\u00f6s ja toiminnantarkastuskertomus edelliselt\u00e4 kalenterivuodelta ja vahvistetaan tilinp\u00e4\u00e4t\u00f6s;<\/li>\n<li>p\u00e4\u00e4tet\u00e4\u00e4n vastuuvapauden my\u00f6nt\u00e4misest\u00e4 hallitukselle ja taloudesta vastaaville;<\/li>\n<li>k\u00e4sitell\u00e4\u00e4n muut hallituksen esitt\u00e4m\u00e4t asiat; sek\u00e4<\/li>\n<li>k\u00e4sitell\u00e4\u00e4n asiat, jotka liiton j\u00e4senet ovat viimeist\u00e4\u00e4n kaksi (2) viikkoa ennen liiton kev\u00e4tkokousta hallitukselle kirjallisesti esitt\u00e4neet ja mitk\u00e4 kokous p\u00e4\u00e4tt\u00e4\u00e4 ottaa k\u00e4sitelt\u00e4viksi.<\/li>\n<\/ol>\n<p>&nbsp;<\/p>\n<h5>15\u00a7<\/h5>\n<p>Liiton syyskokouksessa k\u00e4sitell\u00e4\u00e4n seuraavat asiat:<\/p>\n<ol>\n<li>valitaan kokoukselle puheenjohtaja, sihteeri, p\u00f6yt\u00e4kirjantarkastajat ja \u00e4\u00e4ntenlaskijat;<\/li>\n<li>todetaan kokouksen osanottajat, laillisuus ja p\u00e4\u00e4t\u00f6svaltaisuus;<\/li>\n<li>asetetaan tarpeelliset valmistelevat valiokunnat;<\/li>\n<li>annetaan toiminnallinen ja taloudellinen selonteko liiton kuluvalta tilikaudelta;<\/li>\n<li>k\u00e4sitell\u00e4\u00e4n seuraavan vuoden toimintasuunnitelma;<\/li>\n<li>p\u00e4\u00e4tet\u00e4\u00e4n liiton hallituksen ja eri kokouksiin l\u00e4hetett\u00e4vien edustajien matkakorvauksista ja palkkioista;<\/li>\n<li>p\u00e4\u00e4tet\u00e4\u00e4n toiminnantarkastajien palkkioista;<\/li>\n<li>m\u00e4\u00e4r\u00e4t\u00e4\u00e4n seuraavana vuonna kannettavat j\u00e4senmaksut;<\/li>\n<li>p\u00e4\u00e4tet\u00e4\u00e4n seuraavan vuoden tulo- ja menoarviosta;<\/li>\n<li>valitaan hallituksen puheenjohtaja, jota kutsutaan liiton puheenjohtajaksi;<\/li>\n<li>vahvistetaan hallituksen j\u00e4senten lukum\u00e4\u00e4r\u00e4;<\/li>\n<li>valitaan hallituksen muut j\u00e4senet;<\/li>\n<li>valitaan kaksi (2) toiminnantarkastajaa ja heille varatoiminnantarkastajat;<\/li>\n<li>k\u00e4sitell\u00e4\u00e4n muut hallituksen esitt\u00e4m\u00e4t asiat; sek\u00e4<\/li>\n<li>k\u00e4sitell\u00e4\u00e4n asiat, jotka liiton j\u00e4senet ovat viimeist\u00e4\u00e4n kaksi (2) viikkoa ennen liiton syyskokousta hallitukselle kirjallisesti esitt\u00e4neet ja mitk\u00e4 kokous p\u00e4\u00e4tt\u00e4\u00e4 ottaa k\u00e4sitelt\u00e4viksi.<\/li>\n<\/ol>\n<p>&nbsp;<\/p>\n<h5>16\u00a7<\/h5>\n<p>Ylim\u00e4\u00e4r\u00e4isess\u00e4 liiton kokouksessa k\u00e4sitell\u00e4\u00e4n kokouskutsussa mainitut asiat sek\u00e4 ne kokouksessa esitetyt kysymykset, jotka kokous p\u00e4\u00e4tt\u00e4\u00e4 ottaa k\u00e4sitelt\u00e4v\u00e4ksi, huomioon ottaen yhdistyslain 23 \u00a7:n m\u00e4\u00e4r\u00e4ykset.<\/p>\n<h5>17\u00a7<\/h5>\n<p>P\u00e4\u00e4t\u00f6kset yhdistyksen kokouksissa tehd\u00e4\u00e4n yksinkertaisella \u00e4\u00e4ntenenemmist\u00f6ll\u00e4 avointa \u00e4\u00e4nestysmenettely\u00e4 k\u00e4ytt\u00e4en, ellei v\u00e4hint\u00e4\u00e4n yksi paikalla olevista \u00e4\u00e4nivaltaisista j\u00e4senist\u00e4 pyyd\u00e4 suljettua lippu\u00e4\u00e4nestyst\u00e4. \u00c4\u00e4nten menness\u00e4 tasan ratkaisee kokouksen puheenjohtajan \u00e4\u00e4ni.<br \/>\nVaalit, ellei kysymyksess\u00e4 ole yksimielinen p\u00e4\u00e4t\u00f6s, suoritetaan enemmist\u00f6vaalina, mik\u00e4li t\u00e4ytett\u00e4vi\u00e4 paikkoja on yksi tai suhteellista listatonta vaalitapaa k\u00e4ytt\u00e4en, mik\u00e4li t\u00e4ytett\u00e4vi\u00e4 paikkoja on useampia. Vaalissa voi \u00e4\u00e4nest\u00e4\u00e4 vain kokouksessa esitettyj\u00e4 henkil\u00f6it\u00e4. Enemmist\u00f6vaali toteutetaan siten, ett\u00e4 ellei kukaan ehdokkaista saa ensimm\u00e4isell\u00e4 kierroksella ehdotonta enemmist\u00f6\u00e4 k\u00e4yd\u00e4\u00e4n toinen kierros kahden eniten \u00e4\u00e4ni\u00e4 saaneen ehdokkaan kesken. Suhteellinen listaton vaali toteutetaan siten, ett\u00e4 vaalissa jokainen annettu \u00e4\u00e4ni jaetaan vaalilippuun merkittyjen ehdokkaiden kesken ensimm\u00e4isen\u00e4 olevan ehdokkaan saadessa yhden \u00e4\u00e4nen, toisena olevan puoli \u00e4\u00e4nt\u00e4, kolmantena olevan yhden kolmasosan \u00e4\u00e4nt\u00e4 ja niin edelleen. Valituiksi tulevat m\u00e4\u00e4r\u00e4ytyv\u00e4t ehdokkaiden saamien \u00e4\u00e4nien mukaisessa j\u00e4rjestyksess\u00e4. Vaalissa \u00e4\u00e4nestyslippu, johon on merkitty enemm\u00e4n tai v\u00e4hemm\u00e4n ehdokkaita kuin on t\u00e4ytett\u00e4vi\u00e4 paikkoja, on hyl\u00e4tt\u00e4v\u00e4. Tasatulos vaalissa ratkaistaan arvalla.<\/p>\n<h4>HALLITUS<\/h4>\n<h5>18\u00a7<\/h5>\n<p>Liittoa edustaa hallitus, johon kuuluvat liiton syyskokouksessa valittavat liiton puheenjohtaja sek\u00e4 kokouksen vahvistama m\u00e4\u00e4r\u00e4, v\u00e4hint\u00e4\u00e4n viisi (5) ja enint\u00e4\u00e4n kahdeksan (8) muuta j\u00e4sent\u00e4. Kaikki hallituksen j\u00e4senet eiv\u00e4t voi edustaa samaa j\u00e4senyhdistyst\u00e4. Hallituksen puheenjohtaja sek\u00e4 muut j\u00e4senet valitaan vuodeksi kerrallaan valintaa seuraavan kalenterivuoden alusta alkavalle toimikaudelle. Hallitus jakaa p\u00e4\u00e4vastuualueensa nime\u00e4m\u00e4ll\u00e4 keskuudestaan vuoden ensimm\u00e4isess\u00e4 kokouksessaan varapuheenjohtajan, sihteerin ja taloudenhoitajan sek\u00e4 kansainv\u00e4lisest\u00e4 ett\u00e4 kotimaisesta toiminnasta vastaavat henkil\u00f6t.<\/p>\n<h5>19\u00a7<\/h5>\n<p>Hallitus kokoontuu tarvittaessa puheenjohtajan tai h\u00e4nen estyneen\u00e4 ollessaan varapuheenjohtajan kutsusta. Se on p\u00e4\u00e4t\u00f6svaltainen, kun l\u00e4sn\u00e4 on puheenjohtaja tai varapuheenjohtaja ja v\u00e4hint\u00e4\u00e4n puolet hallituksen j\u00e4senist\u00e4 mukaan luettuna puheenjohtaja tai varapuheenjohtaja. Liiton j\u00e4senyhdistysten j\u00e4senill\u00e4 ja henkil\u00f6j\u00e4senill\u00e4 on hallituksen kokouksissa l\u00e4sn\u00e4olo-oikeus. Hallitus voi p\u00e4\u00e4tt\u00e4\u00e4 puhe- ja l\u00e4sn\u00e4olo-oikeuden laajentamisesta. Hallituksessa p\u00e4\u00e4tett\u00e4v\u00e4t asiat ratkaistaan yksinkertaisella \u00e4\u00e4ntenenemmist\u00f6ll\u00e4. \u00c4\u00e4nten menness\u00e4 tasan ratkaisee puheenjohtajan \u00e4\u00e4ni, paitsi vaaleissa arpa.<\/p>\n<h5>20\u00a7<\/h5>\n<p>Liiton hallituksen teht\u00e4v\u00e4 on:<\/p>\n<ol>\n<li>asettaa tarpeelliseksi katsomansa toimikunnat ja ty\u00f6ryhm\u00e4t;<\/li>\n<li>johtaa liiton yleist\u00e4 toimintaa;<\/li>\n<li>hyv\u00e4ksy\u00e4 j\u00e4seneksi hakevien j\u00e4senyysanomukset;<\/li>\n<li>p\u00e4\u00e4tt\u00e4\u00e4 liiton hyv\u00e4ksi tapahtuvista rahanker\u00e4yksist\u00e4;<\/li>\n<li>vastata liiton omaisuuden hoidosta ja taloudellisesta toiminnasta;<\/li>\n<li>valmistella liiton kev\u00e4t- ja syyskokouksen esityslista;<\/li>\n<li>valmistella ja esitt\u00e4\u00e4 liiton kev\u00e4tkokoukselle toimintakertomus ja toiminnantarkastuskertomus ja tilit, jotka p\u00e4\u00e4tet\u00e4\u00e4n kalenterivuosittain;<\/li>\n<li>valmistella ja esitt\u00e4\u00e4 liiton syyskokoukselle seuraavan vuoden toimintasuunnitelma ja talousarvio;<\/li>\n<li>toteuttaa liiton kokousten p\u00e4\u00e4t\u00f6kset;<\/li>\n<li>hoitaa muut liiton toimintaan liittyv\u00e4t teht\u00e4v\u00e4t; sek\u00e4<\/li>\n<li>nimet\u00e4 liiton edustajat kokouksiin, jossa liitto k\u00e4ytt\u00e4\u00e4 j\u00e4senen valtaa.<\/li>\n<\/ol>\n<p>&nbsp;<\/p>\n<h4>LIITON NIMENKIRJOITTAJAT<\/h4>\n<h5>21\u00a7<\/h5>\n<p>Liiton nimen kirjoittavat liiton puheenjohtaja ja varapuheenjohtaja yhdess\u00e4 tai jompikumpi edell\u00e4 mainituista yhdess\u00e4 sihteerin, taloudenhoitajan tai hallituksen m\u00e4\u00e4r\u00e4\u00e4m\u00e4n hallituksen j\u00e4senen kanssa.<\/p>\n<h4>TALOUS<\/h4>\n<h5>22\u00a7<\/h5>\n<p>Liiton tilikausi on kalenterivuosi.<\/p>\n<h5>23\u00a7<\/h5>\n<p>Liiton toiminta rahoitetaan j\u00e4senmaksuilla, toiminnan tuotoilla, markkinointiyhteisty\u00f6ll\u00e4 sek\u00e4 saatavilla lahjoituksilla ja avustuksilla. Liitolla on oikeus ottaa vastaan j\u00e4lkis\u00e4\u00e4d\u00f6ksi\u00e4 ja lahjoituksia, omistaa kiinte\u00e4\u00e4 omaisuutta ja ker\u00e4t\u00e4 asianmukaisella luvalla varoja tarkoituksensa toteuttamiseksi.<\/p>\n<h5>24\u00a7<\/h5>\n<p>J\u00e4senyhdistykset suorittavat syyskokouksen vuosittain m\u00e4\u00e4r\u00e4\u00e4m\u00e4n j\u00e4senmaksun kyseisen kalenterivuoden ensimm\u00e4isen p\u00e4iv\u00e4n (1.1.) j\u00e4senm\u00e4\u00e4riens\u00e4 perusteella. J\u00e4senm\u00e4\u00e4r\u00e4t tulee ilmoittaa liiton hallitukselle helmikuun loppuun menness\u00e4.<\/p>\n<h4>S\u00c4\u00c4NT\u00d6JEN MUUTTAMINEN<\/h4>\n<h5>25\u00a7<\/h5>\n<p>N\u00e4ihin s\u00e4\u00e4nt\u00f6ihin voidaan tehd\u00e4 muutos kahden per\u00e4kk\u00e4isen sit\u00e4 varten koolle kutsuttu liiton kokouksen p\u00e4\u00e4t\u00f6ksell\u00e4. N\u00e4iden kokousten v\u00e4lill\u00e4 on oltava v\u00e4hint\u00e4\u00e4n 14 vuorokautta ja p\u00e4\u00e4t\u00f6s on teht\u00e4v\u00e4 v\u00e4hint\u00e4\u00e4n kolmen nelj\u00e4sosan (3\/4) \u00e4\u00e4nten enemmist\u00f6ll\u00e4 annetuista \u00e4\u00e4nist\u00e4.<\/p>\n<h4>LIITON PURKAMINEN<\/h4>\n<h5>26\u00a7<\/h5>\n<p>P\u00e4\u00e4t\u00f6s liiton purkamisesta on teht\u00e4v\u00e4 kahdessa per\u00e4kk\u00e4isess\u00e4 sit\u00e4 varten koolle kutsutussa liiton kokouksessa. N\u00e4iden kokousten v\u00e4lill\u00e4 on oltava v\u00e4hint\u00e4\u00e4n 14 vuorokautta ja p\u00e4\u00e4t\u00f6s on teht\u00e4v\u00e4 v\u00e4hint\u00e4\u00e4n kolmen nelj\u00e4sosan (3\/4) \u00e4\u00e4nten enemmist\u00f6ll\u00e4 annetuista \u00e4\u00e4nist\u00e4.<\/p>\n<h5>27\u00a7<\/h5>\n<p>Jos liitto p\u00e4\u00e4tet\u00e4\u00e4n purkaa tai se lakkautetaan, on sen k\u00e4ytett\u00e4viss\u00e4 olevat varat luovutettava j\u00e4senj\u00e4rjest\u00f6ille j\u00e4senm\u00e4\u00e4r\u00e4n mukaisesti k\u00e4ytett\u00e4v\u00e4ksi n\u00e4iden s\u00e4\u00e4nt\u00f6jen 2 \u00a7:ss\u00e4 mainittuun tarkoitukseen.<\/p>\n<h4>SAAVUTETUT J\u00c4SENOIKEUDET<\/h4>\n<h5>28\u00a7<\/h5>\n<p>T\u00e4ll\u00e4 s\u00e4\u00e4nt\u00f6muutoksella ei loukata jo saavutettuja j\u00e4senoikeuksia.<\/p>\n<p>&nbsp;<\/p>\n","protected":false},"excerpt":{"rendered":"<p>YHDISTYKSEN NIMI JA TARKOITUS 1\u00a7 Yhdistyksen nimi on Suomen Farmasian Opiskelijaj\u00e4rjest\u00f6t ry, ep\u00e4virallisesti lyhennettyn\u00e4 SFaO. Tarkoituksenmukaisissa yhteyksiss\u00e4 yhdistys voi k\u00e4ytt\u00e4\u00e4 my\u00f6s ep\u00e4virallista nime\u00e4 F\u00f6reningarna f\u00f6r Finlands Farmacistuderande tai FiFas ja Finnish Pharmaceutical Students\u2019 Associations tai FiPSA. Yhdistyksen kotipaikka on Helsinki ja toiminta-alue koko Suomi. T\u00e4t\u00e4 yhdistyst\u00e4 nimitet\u00e4\u00e4n n\u00e4iss\u00e4 s\u00e4\u00e4nn\u00f6iss\u00e4 liitoksi, liiton varsinaisena j\u00e4senen\u00e4 olevaa yhdistyst\u00e4 j\u00e4senyhdistykseksi ja j\u00e4senyhdistykseen kuulumattomia varsinaisena<\/p>\n<p><a class=\"more-link\" href=\"https:\/\/fipsa.fi\/blog\/sfao\/saannot\/\">Read More<\/a><\/p>\n","protected":false},"author":1,"featured_media":0,"parent":7,"menu_order":30,"comment_status":"closed","ping_status":"closed","template":"","meta":[],"_links":{"self":[{"href":"https:\/\/fipsa.fi\/blog\/wp-json\/wp\/v2\/pages\/13"}],"collection":[{"href":"https:\/\/fipsa.fi\/blog\/wp-json\/wp\/v2\/pages"}],"about":[{"href":"https:\/\/fipsa.fi\/blog\/wp-json\/wp\/v2\/types\/page"}],"author":[{"embeddable":true,"href":"https:\/\/fipsa.fi\/blog\/wp-json\/wp\/v2\/users\/1"}],"replies":[{"embeddable":true,"href":"https:\/\/fipsa.fi\/blog\/wp-json\/wp\/v2\/comments?post=13"}],"version-history":[{"count":1,"href":"https:\/\/fipsa.fi\/blog\/wp-json\/wp\/v2\/pages\/13\/revisions"}],"predecessor-version":[{"id":1194,"href":"https:\/\/fipsa.fi\/blog\/wp-json\/wp\/v2\/pages\/13\/revisions\/1194"}],"up":[{"embeddable":true,"href":"https:\/\/fipsa.fi\/blog\/wp-json\/wp\/v2\/pages\/7"}],"wp:attachment":[{"href":"https:\/\/fipsa.fi\/blog\/wp-json\/wp\/v2\/media?parent=13"}],"curies":[{"name":"wp","href":"https:\/\/api.w.org\/{rel}","templated":true}]}}