{"id":34,"date":"2015-03-04T18:50:06","date_gmt":"2015-03-04T16:50:06","guid":{"rendered":"http:\/\/dev.sfao.heatenin.gs\/?page_id=34"},"modified":"2020-01-22T16:36:50","modified_gmt":"2020-01-22T14:36:50","slug":"yhteystiedot","status":"publish","type":"page","link":"https:\/\/fipsa.fi\/blog\/yhteystiedot\/","title":{"rendered":"Yhteystiedot"},"content":{"rendered":"<p><b>Suomen Farmasian Opiskelijaj\u00e4rjest\u00f6t ry \/ Finnish Pharmaceutical Students&#8217; Associations<br \/>\n<\/b><\/p>\n<p>FiPSA c\/o YFK<br \/>\nBiokeskus 2<br \/>\nPL 56 (Viikinkaari 5)<br \/>\n00014 Helsingin Yliopisto<\/p>\n<p>S\u00e4hk\u00f6postiyhteydenotot osoitteeseen: yhteydenotot (a) fipsa.fi<\/p>\n<p>Hallituksen j\u00e4senten s\u00e4hk\u00f6postiosoitteita l\u00f6yd\u00e4t my\u00f6s hallitus-v\u00e4lilehdelt\u00e4.<\/p>\n<p><b>Laskutus<\/b><\/p>\n<p>Mik\u00e4li olette laskuttamassa FiPSAa toivomme, ett\u00e4 otatte ensin yhteytt\u00e4 s\u00e4hk\u00f6postitse ja sovitte laskutusosoitteen, tai l\u00e4het\u00e4tte laskun suoraan s\u00e4hk\u00f6postina. N\u00e4in voimme ohjata laskut mahdollisimman nopeasti maksuun.<\/p>\n","protected":false},"excerpt":{"rendered":"<p>Suomen Farmasian Opiskelijaj\u00e4rjest\u00f6t ry \/ Finnish Pharmaceutical Students&#8217; Associations FiPSA c\/o YFK Biokeskus 2 PL 56 (Viikinkaari 5) 00014 Helsingin Yliopisto S\u00e4hk\u00f6postiyhteydenotot osoitteeseen: yhteydenotot (a) fipsa.fi Hallituksen j\u00e4senten s\u00e4hk\u00f6postiosoitteita l\u00f6yd\u00e4t my\u00f6s hallitus-v\u00e4lilehdelt\u00e4. Laskutus Mik\u00e4li olette laskuttamassa FiPSAa toivomme, ett\u00e4 otatte ensin yhteytt\u00e4 s\u00e4hk\u00f6postitse ja sovitte laskutusosoitteen, tai l\u00e4het\u00e4tte laskun suoraan s\u00e4hk\u00f6postina. N\u00e4in voimme ohjata laskut mahdollisimman nopeasti maksuun.<\/p>\n","protected":false},"author":1,"featured_media":0,"parent":0,"menu_order":90,"comment_status":"closed","ping_status":"closed","template":"","meta":[],"_links":{"self":[{"href":"https:\/\/fipsa.fi\/blog\/wp-json\/wp\/v2\/pages\/34"}],"collection":[{"href":"https:\/\/fipsa.fi\/blog\/wp-json\/wp\/v2\/pages"}],"about":[{"href":"https:\/\/fipsa.fi\/blog\/wp-json\/wp\/v2\/types\/page"}],"author":[{"embeddable":true,"href":"https:\/\/fipsa.fi\/blog\/wp-json\/wp\/v2\/users\/1"}],"replies":[{"embeddable":true,"href":"https:\/\/fipsa.fi\/blog\/wp-json\/wp\/v2\/comments?post=34"}],"version-history":[{"count":1,"href":"https:\/\/fipsa.fi\/blog\/wp-json\/wp\/v2\/pages\/34\/revisions"}],"predecessor-version":[{"id":1211,"href":"https:\/\/fipsa.fi\/blog\/wp-json\/wp\/v2\/pages\/34\/revisions\/1211"}],"wp:attachment":[{"href":"https:\/\/fipsa.fi\/blog\/wp-json\/wp\/v2\/media?parent=34"}],"curies":[{"name":"wp","href":"https:\/\/api.w.org\/{rel}","templated":true}]}}