{"id":862,"date":"2017-08-19T15:51:51","date_gmt":"2017-08-19T13:51:51","guid":{"rendered":"http:\/\/www.sfao.net\/?page_id=862"},"modified":"2017-08-19T15:51:51","modified_gmt":"2017-08-19T13:51:51","slug":"harjoitteluvaihtomahdollisuudet","status":"publish","type":"page","link":"https:\/\/fipsa.fi\/blog\/harjoitteluvaihtomahdollisuudet\/","title":{"rendered":"Harjoitteluvaihdot"},"content":{"rendered":"<p>FiPSA koordinoi Suomessa kahta eri harjoitteluvaihto-ohjelmaa, maailmanlaajuista IPSF:n SEP-harjoitteluvaihtoa ja euroopanlaajuista EPSAn IMP-harjoitteluvaihtoa.<\/p>\n<p><a href=\"http:\/\/sep.ipsf.org\" target=\"_blank\" rel=\"attachment wp-att-320 noopener\"><img decoding=\"async\" loading=\"lazy\" class=\"wp-image-320 alignleft\" src=\"http:\/\/www.sfao.net\/wordpress\/wp-content\/uploads\/2015\/03\/SEP-Logo-png-format-300x250.png\" alt=\"SEP Logo-png format\" width=\"164\" height=\"137\" \/><\/a><\/p>\n<p>Maailmanlaajuiseen SEP-harjoitteluvaihto-ohjelmaan hakiessasi voit l\u00e4hte\u00e4 1-3 kuukauden mittaiseen harjoitteluvaihtoon apteekkiin, sairaala-apteekkiin, l\u00e4\u00e4keteollisuuteen tai yliopistotutkimukseen melkein minne p\u00e4in maailmaa tahansa. SEP-harjoitteluvaihtoon l\u00e4hdet\u00e4\u00e4n yleens\u00e4 kes\u00e4aikaan, mutta my\u00f6s muut ajankohdat ovat mahdollisia.<\/p>\n<p>SEP-harjoitteluvaihdossa p\u00e4\u00e4set n\u00e4kem\u00e4\u00e4n millaiselta farmasian ala n\u00e4ytt\u00e4\u00e4 muualla maailmassa ja saat samalla tutusta harjoitteluvaihtomaasi kulttuuriin. SEP-harjoitteluvaihto sopii miss\u00e4 vaiheessa opintojaan tahansa oleville opiskelijoille, my\u00f6s mik\u00e4li olet valmistumassa.<\/p>\n<p>Lis\u00e4informaatiota IPSF:n SEP-vaihdosta l\u00f6yd\u00e4t klikkaamalla kuvaa tai <a href=\"\/harjoitteluvaihdot\/sep\/\">t\u00e4st\u00e4!<\/a><\/p>\n<p>Suomessa on t\u00e4ll\u00e4 hetkell\u00e4 harjoittelupaikkojen haku p\u00e4\u00e4ll\u00e4! Viime kes\u00e4n\u00e4 harjoittelupaikat, jotka vastaanottivat kansainv\u00e4lisi\u00e4 harjoittelijoita SEP-ohjelman kautta olivat<\/p>\n<ul>\n<li>Yliopiston Apteekki<\/li>\n<li>Lohjan apteekki<\/li>\n<li><\/li>\n<\/ul>\n<p>&gt;&gt; Mik\u00e4li olet kiinnostunut tarjoamaan harjoittelupaikan vaihto-opiskelijoille, otathan yhteytt\u00e4 harjoitteluvaihdot{at}sfao.net!<\/p>\n<p>&nbsp;<\/p>\n<p>&nbsp;<\/p>\n<p><a href=\"\/harjoitteluvaidot\/imp\/\"><img decoding=\"async\" loading=\"lazy\" src=\"http:\/\/www.sfao.net\/wordpress\/wp-content\/uploads\/2015\/04\/imp-logo.jpg\" alt=\"\" width=\"125\" height=\"125\" align=\"left\" border=\"0\" \/><\/a> Euroopanlaajuinen IMP-harjoitteluvaihto-ohjelma on suunnattu opintojensa loppuvaiheessa oleville tai vastavalmistuneille opiskelijoille, jotka haluavat mahdollisuuden kansainv\u00e4liseen ty\u00f6kokemukseen ennen ty\u00f6el\u00e4m\u00e4\u00e4n siirtymist\u00e4. IMP-harjoitteluvaihto kest\u00e4\u00e4 3-12 kuukautta ja paikkoja on p\u00e4\u00e4asiassa l\u00e4\u00e4keteollisuudessa ja -tutkimuksessa ymp\u00e4ri Eurooppaa.<\/p>\n<p>Lis\u00e4informaatiota EPSAn IMP-vaihdosta l\u00f6yd\u00e4t klikkaamalla kuvaa tai <a href=\"\/harjoitteluvaihdot\/imp\/\">t\u00e4st\u00e4!<\/a><\/p>\n","protected":false},"excerpt":{"rendered":"<p>FiPSA koordinoi Suomessa kahta eri harjoitteluvaihto-ohjelmaa, maailmanlaajuista IPSF:n SEP-harjoitteluvaihtoa ja euroopanlaajuista EPSAn IMP-harjoitteluvaihtoa. Maailmanlaajuiseen SEP-harjoitteluvaihto-ohjelmaan hakiessasi voit l\u00e4hte\u00e4 1-3 kuukauden mittaiseen harjoitteluvaihtoon apteekkiin, sairaala-apteekkiin, l\u00e4\u00e4keteollisuuteen tai yliopistotutkimukseen melkein minne p\u00e4in maailmaa tahansa. SEP-harjoitteluvaihtoon l\u00e4hdet\u00e4\u00e4n yleens\u00e4 kes\u00e4aikaan, mutta my\u00f6s muut ajankohdat ovat mahdollisia. SEP-harjoitteluvaihdossa p\u00e4\u00e4set n\u00e4kem\u00e4\u00e4n millaiselta farmasian ala n\u00e4ytt\u00e4\u00e4 muualla maailmassa ja saat samalla tutusta harjoitteluvaihtomaasi kulttuuriin. SEP-harjoitteluvaihto sopii miss\u00e4<\/p>\n<p><a class=\"more-link\" href=\"https:\/\/fipsa.fi\/blog\/harjoitteluvaihtomahdollisuudet\/\">Read More<\/a><\/p>\n","protected":false},"author":1,"featured_media":0,"parent":0,"menu_order":0,"comment_status":"closed","ping_status":"closed","template":"","meta":[],"_links":{"self":[{"href":"https:\/\/fipsa.fi\/blog\/wp-json\/wp\/v2\/pages\/862"}],"collection":[{"href":"https:\/\/fipsa.fi\/blog\/wp-json\/wp\/v2\/pages"}],"about":[{"href":"https:\/\/fipsa.fi\/blog\/wp-json\/wp\/v2\/types\/page"}],"author":[{"embeddable":true,"href":"https:\/\/fipsa.fi\/blog\/wp-json\/wp\/v2\/users\/1"}],"replies":[{"embeddable":true,"href":"https:\/\/fipsa.fi\/blog\/wp-json\/wp\/v2\/comments?post=862"}],"version-history":[{"count":0,"href":"https:\/\/fipsa.fi\/blog\/wp-json\/wp\/v2\/pages\/862\/revisions"}],"wp:attachment":[{"href":"https:\/\/fipsa.fi\/blog\/wp-json\/wp\/v2\/media?parent=862"}],"curies":[{"name":"wp","href":"https:\/\/api.w.org\/{rel}","templated":true}]}}