{"id":9,"date":"2015-03-04T18:46:06","date_gmt":"2015-03-04T16:46:06","guid":{"rendered":"http:\/\/dev.sfao.heatenin.gs\/?page_id=9"},"modified":"2020-01-19T17:00:07","modified_gmt":"2020-01-19T15:00:07","slug":"hallitus","status":"publish","type":"page","link":"https:\/\/fipsa.fi\/blog\/sfao\/hallitus\/","title":{"rendered":"Hallitus"},"content":{"rendered":"<p>Halutessasi ottaa yhteytt\u00e4 hallitukseen, laita s\u00e4hk\u00f6postisi osoitteeseen yhteydenotot (at) fipsa.fi<br \/>\nKun otsikossa lukee kenelle viesti on suunnattu, se ohjautuu oikealle henkil\u00f6lle!<\/p>\n<p><strong>Puheenjohtaja<\/strong><\/p>\n<p><strong><img decoding=\"async\" loading=\"lazy\" class=\"alignleft\" src=\"http:\/\/www.sfao.net\/wordpress\/wp-content\/uploads\/2015\/03\/nera-300x300.jpg\" width=\"176\" height=\"176\"><\/strong>Nera Beciroski (Helsinki)<\/p>\n<p>president (at) fipsa.fi<\/p>\n<p>Puheenjohtaja ohjaa koko FiPSAn toimintaa, jakaa teht\u00e4v\u00e4t hallituksen j\u00e4senille ja kehitt\u00e4\u00e4 yhteisty\u00f6t\u00e4 FiPSAn j\u00e4senj\u00e4rjest\u00f6jen kanssa.<\/p>\n<p>&nbsp;<\/p>\n<h4><\/h4>\n<h4><strong>Varapuheenjohtaja<\/strong><\/h4>\n<p><img decoding=\"async\" loading=\"lazy\" class=\"alignleft\" src=\"https:\/\/scontent.fhel1-1.fna.fbcdn.net\/v\/t1.15752-9\/51187684_2277088495906509_8506043787535974400_n.jpg?_nc_cat=100&amp;_nc_ht=scontent.fhel1-1.fna&amp;oh=351b1d387bc89537f0e2245edde01dc0&amp;oe=5CEE7CD8\" width=\"174\" height=\"196\"><\/p>\n<p>Hanna Lindstedt (Helsinki)<\/p>\n<p>vicepresident (at) fipsa.fi<\/p>\n<p>Varapuheenjohtaja on puheenjohtajan oikea k\u00e4si. H\u00e4nen teht\u00e4viins\u00e4 kuuluu yhteydenpito yhteisty\u00f6kumppaneihin ja avustaminen hallituksen kokouksissa.<\/p>\n<h4><\/h4>\n<h4><strong>Sihteeri, tiedottaja<\/strong><\/h4>\n<h4><strong><a href=\"http:\/\/fipsa.fi\/blog\/wp-content\/uploads\/2015\/03\/kauri.jpg\"><img decoding=\"async\" loading=\"lazy\" class=\"wp-image-1170 alignleft\" src=\"http:\/\/fipsa.fi\/blog\/wp-content\/uploads\/2015\/03\/kauri-250x300.jpg\" alt=\"\" width=\"168\" height=\"202\" srcset=\"https:\/\/fipsa.fi\/blog\/wp-content\/uploads\/2015\/03\/kauri-250x300.jpg 250w, https:\/\/fipsa.fi\/blog\/wp-content\/uploads\/2015\/03\/kauri.jpg 497w\" sizes=\"(max-width: 168px) 100vw, 168px\" \/><\/a><\/strong><\/h4>\n<p>Kauri Laine (Turku)<\/p>\n<p>secgen (at) fipsa.fi, pharmaca.studentica (at) fipsa.fi<\/p>\n<p>Sihteeri pit\u00e4\u00e4 p\u00f6yt\u00e4kirjaa hallituksen kokouksissa. H\u00e4n huolehtii tiedonkulusta j\u00e4senille esimerkiksi laatimalla kuukausikirjeet ja internet-sivuilla julkaistavat ajankohtaiset asiat.<\/p>\n<p>Tiedottaja vastaa viestinn\u00e4st\u00e4 j\u00e4senj\u00e4rjest\u00f6ille, ja toimittaa j\u00e4senille FiPSA:n kuukausittaisen uutiskirjeen.<\/p>\n<p>&nbsp;<\/p>\n<p>&nbsp;<\/p>\n<h4><strong>Taloudenhoitaja<\/strong><\/h4>\n<div>\n<div><img decoding=\"async\" loading=\"lazy\" class=\"img alignleft\" src=\"https:\/\/scontent-arn2-2.xx.fbcdn.net\/v\/t1.15752-9\/52666692_550463965475743_4140153743821766656_n.jpg?_nc_cat=109&amp;_nc_ht=scontent-arn2-2.xx&amp;oh=2e62656c92f7848bb9c272225bfef1fa&amp;oe=5CDD74BE\" alt=\"\" width=\"170\" height=\"169\"><\/div>\n<p>Emilia Poikonen (Helsinki, v\u00e4liaikaisesti Turku, my\u00f6hemmin Kuopio)<\/p>\n<\/div>\n<div><\/div>\n<div>treasurer (at) fipsa.fi<\/div>\n<div><\/div>\n<p>Taloudenhoitaja huolehtii FiPSAn rahaliikenteest\u00e4, laskujen maksusta, kirjanpidosta sek\u00e4 laatii tilinp\u00e4\u00e4t\u00f6ksen ja seuraavan vuoden talousarvion.<\/p>\n<p>&nbsp;<\/p>\n<h4><\/h4>\n<h4><strong>EPSA- ja IPSF-asiainhoitaja<\/strong><\/h4>\n<p><img decoding=\"async\" loading=\"lazy\" class=\"alignleft\" src=\"https:\/\/scontent.fhel1-1.fna.fbcdn.net\/v\/t1.15752-9\/51128939_1999282766858805_2602584481537720320_n.png?_nc_cat=105&amp;_nc_ht=scontent.fhel1-1.fna&amp;oh=dfefbf74c92f3d31bdde9e43b4f85c8b&amp;oe=5CFDC77C\" width=\"163\" height=\"217\"><\/p>\n<p>Noora H\u00e4m\u00e4l\u00e4inen (Helsinki)<\/p>\n<p>epsa-ls (at) fipsa.fi, cp.finland (at) gmail.com<\/p>\n<p>EPSA-asianhoitaja pit\u00e4\u00e4 yhteytt\u00e4 Euroopan farmasian opiskelijoiden j\u00e4rjest\u00f6\u00f6n EPSAan ja pit\u00e4\u00e4 huolen siit\u00e4, ett\u00e4 FiPSAn j\u00e4senet tiet\u00e4v\u00e4t, mit\u00e4 EPSAssa tapahtuu.<\/p>\n<p>IPSF-asianhoitajana Noora pit\u00e4\u00e4 yhteytt\u00e4 kansainv\u00e4liseen farmasian opiskelijoiden j\u00e4rjest\u00f6\u00f6n IPSF:\u00e4\u00e4n ja pit\u00e4\u00e4 huolen siit\u00e4, ett\u00e4 FiPSAn j\u00e4senet tiet\u00e4v\u00e4t, mit\u00e4 IPSF:ss\u00e4 tapahtuu.<\/p>\n<p>&nbsp;<\/p>\n<h4><\/h4>\n<h4><strong>Harjoitteluvaihdon kotimaan ja ulkomaan koordinaattori<\/strong><\/h4>\n<p>Virka on haussa! T\u00e4m\u00e4 virka oli vuonna 2018 nykyisen varapuheenjohtajamme, Hannan, rooli FiPSAssa. Laita viesti alla olevaan s\u00e4hk\u00f6postiin, mik\u00e4li pesti kiinnostaa!<\/p>\n<p>seo (at) fipsa.fi<\/p>\n<p>Harjoitteluvaihtojen kotimaan koordinaattori etsii harjoitteluvaihtopaikkoja Suomeen saapuville ulkomaalaisille opiskelijoille ja j\u00e4rjest\u00e4\u00e4 Suomeen saapuvien harjoittelijoiden k\u00e4yt\u00e4nn\u00f6n asioita.<\/p>\n<p>Ulkomaan koordinaattori on yhteydess\u00e4 EPSA:n ja IPSF:n harjoitteluvaihdoista ja auttaa suomalaisia hakijoita harjoitteluvaihtopaikkojen hakemisessa ulkomailta. H\u00e4nen kauttaan voi luetuttaa esimerkiksi SEP-vaihtopaikkoihin l\u00e4hetett\u00e4v\u00e4t hakemukset.<\/p>\n<p>&nbsp;<\/p>\n<h2><strong>Virkailijat<\/strong><\/h2>\n<h4><strong>IMP-koordinaattori (NIMP)<\/strong><\/h4>\n<p>Virka on auki!<\/p>\n<p>EPSA:n Individual Mobility -projektin yhteyshenkil\u00f6 Suomessa. Vastaa Euroopassa tarjolla olevista harjoitteluvaihtopaikoista tiedottamisesta j\u00e4senist\u00f6lle sek\u00e4 harjoittelupaikkojen j\u00e4rjest\u00e4misest\u00e4 Suomesta muille eurooppalaisille opiskelijoille yhteisty\u00f6ss\u00e4 harjoitteluvaihdon ulkomaan\/kotimaan koordinaattorien kanssa.<\/p>\n<h4><strong>Pharmaca Studentican p\u00e4\u00e4toimittaja<\/strong><\/h4>\n<p>Virka on auki!<\/p>\n<p>P\u00e4\u00e4toimittaja kokoaa kahdesti vuodessa ilmestyv\u00e4n verkkolehden yhdess\u00e4 toimituskunnan kanssa.<\/p>\n<p><strong>Projektikoordinaattori<\/strong><\/p>\n<p>Koordinaattori toimii yhdess\u00e4 hallituksen, ja projektien ty\u00f6ryhmien kanssa FiPSA:n erilaisten projektien, kuten verenluovutusp\u00e4iv\u00e4n, risteilyn, tai kongressin parissa.<\/p>\n<h5><strong>Kuopion paikallisvastaava<\/strong><\/h5>\n<h5><strong>Helsingin paikallisvastaava<\/strong><\/h5>\n<h5><strong>Turun paikallisvastaava<\/strong><\/h5>\n<p>&nbsp;<\/p>\n","protected":false},"excerpt":{"rendered":"<p>Halutessasi ottaa yhteytt\u00e4 hallitukseen, laita s\u00e4hk\u00f6postisi osoitteeseen yhteydenotot (at) fipsa.fi Kun otsikossa lukee kenelle viesti on suunnattu, se ohjautuu oikealle henkil\u00f6lle! Puheenjohtaja Nera Beciroski (Helsinki) president (at) fipsa.fi Puheenjohtaja ohjaa koko FiPSAn toimintaa, jakaa teht\u00e4v\u00e4t hallituksen j\u00e4senille ja kehitt\u00e4\u00e4 yhteisty\u00f6t\u00e4 FiPSAn j\u00e4senj\u00e4rjest\u00f6jen kanssa. &nbsp; Varapuheenjohtaja Hanna Lindstedt (Helsinki) vicepresident (at) fipsa.fi Varapuheenjohtaja on puheenjohtajan oikea k\u00e4si. H\u00e4nen teht\u00e4viins\u00e4 kuuluu yhteydenpito<\/p>\n<p><a class=\"more-link\" href=\"https:\/\/fipsa.fi\/blog\/sfao\/hallitus\/\">Read More<\/a><\/p>\n","protected":false},"author":1,"featured_media":0,"parent":7,"menu_order":0,"comment_status":"closed","ping_status":"open","template":"","meta":[],"_links":{"self":[{"href":"https:\/\/fipsa.fi\/blog\/wp-json\/wp\/v2\/pages\/9"}],"collection":[{"href":"https:\/\/fipsa.fi\/blog\/wp-json\/wp\/v2\/pages"}],"about":[{"href":"https:\/\/fipsa.fi\/blog\/wp-json\/wp\/v2\/types\/page"}],"author":[{"embeddable":true,"href":"https:\/\/fipsa.fi\/blog\/wp-json\/wp\/v2\/users\/1"}],"replies":[{"embeddable":true,"href":"https:\/\/fipsa.fi\/blog\/wp-json\/wp\/v2\/comments?post=9"}],"version-history":[{"count":3,"href":"https:\/\/fipsa.fi\/blog\/wp-json\/wp\/v2\/pages\/9\/revisions"}],"predecessor-version":[{"id":1190,"href":"https:\/\/fipsa.fi\/blog\/wp-json\/wp\/v2\/pages\/9\/revisions\/1190"}],"up":[{"embeddable":true,"href":"https:\/\/fipsa.fi\/blog\/wp-json\/wp\/v2\/pages\/7"}],"wp:attachment":[{"href":"https:\/\/fipsa.fi\/blog\/wp-json\/wp\/v2\/media?parent=9"}],"curies":[{"name":"wp","href":"https:\/\/api.w.org\/{rel}","templated":true}]}}